{"id":54873,"date":"2026-04-23T08:17:59","date_gmt":"2026-04-23T06:17:59","guid":{"rendered":"https:\/\/www.nickal.ch\/?page_id=54873"},"modified":"2026-04-23T08:43:39","modified_gmt":"2026-04-23T06:43:39","slug":"koch-days-2026","status":"publish","type":"page","link":"https:\/\/www.nickal.ch\/fr\/koch-days-2026\/","title":{"rendered":"KOCH Days 2026"},"content":{"rendered":"\n\n\t<h2>Retrouvez-nous aux \u2028<strong>KOCH Days 2026<\/strong><\/h2>\n\t\n<p>Les KOCH Days sont un salon professionnel itin\u00e9rant d\u00e9di\u00e9 aux m\u00e9tiers techniques et aux solutions innovantes pour les professionnels du b\u00e2timent. L&rsquo;\u00e9v\u00e9nement permet de d\u00e9couvrir des produits en action, d&rsquo;assister \u00e0 des d\u00e9monstrations concr\u00e8tes et d&rsquo;\u00e9changer directement avec les experts des diff\u00e9rentes marques pr\u00e9sentes.<\/p>\n\n\t<a href=\"https:\/\/kochdays.ch\/fr\/ausstellende\/nickal\/\" target=\"_blank\" role=\"button\" rel=\"noopener\">\n\t\t\t\t\tVoir les d\u00e9tails\n\t<\/a>\n\t<h2>Retrouvez-nous sur 4 sites tout pr\u00e8s de chez vous :<\/h2>\n\t\n<ul>\n<li>Zurich (Salon de Zurich, Halle 5) : <strong>11-12 juin 2026<\/strong><\/li>\n<li>Saint-Gall (OLMA SGKB, Halle B) : <strong>18-19 juin 2026<\/strong><\/li>\n<li>Martigny (Martigny Expo, Halle 1) : <strong>25-26 juin 2026<\/strong><\/li>\n<li>Berne (BERNEXPO, Halle 2.0) : <strong>2-3 juillet 2026<\/strong><\/li>\n<\/ul>\n\n<ul>\n<li>Salon : jeudi 14h-19h, vendredi 10h-19h<\/li>\n<li>Restauration : jeudi 19h-22h (Saint-Gall jusqu&rsquo;\u00e0 23h), vendredi 19h-22h<\/li>\n<\/ul>\n\t<h3>Toutes les informations pratiques (horaires, acc\u00e8s, programme) sont disponibles en ligne.<\/h3>\n\t<a href=\"https:\/\/kochdays.ch\/fr\/ausstellende\/nickal\/\" target=\"_blank\" role=\"button\" rel=\"noopener\">\n\t\t\t\t\tVoir les d\u00e9tails\n\t<\/a>\n\t<div class=\"fl-builder-content fl-builder-content-16798 fl-builder-template fl-builder-row-template fl-builder-global-templates-locked\" data-post-id=\"16798\"><div class=\"fl-row fl-row-full-width fl-row-bg-color fl-node-5bcf25173d381\" data-node=\"5bcf25173d381\">\n\t<div class=\"fl-row-content-wrap\">\n\t\t\t\t\t\t<div class=\"fl-row-content fl-row-fixed-width fl-node-content\">\n\t\t\n<div class=\"fl-col-group fl-node-5bcf25173d0b6 fl-col-group-custom-width\" data-node=\"5bcf25173d0b6\">\n\t\t\t<div class=\"fl-col fl-node-5bcf25173d127 fl-col-small\" data-node=\"5bcf25173d127\">\n\t<div class=\"fl-col-content fl-node-content\">\n\t<div class=\"fl-module fl-module-rich-text fl-node-5bcf25173d2de\" data-node=\"5bcf25173d2de\">\n\t<div class=\"fl-module-content fl-node-content\">\n\t\t<div class=\"fl-rich-text\">\n\t<h2>Un besoin<br \/>\n<strong class=\"r\">une question ?<\/strong><\/h2>\n<\/div>\n\t<\/div>\n<\/div>\n<div class=\"fl-module fl-module-rich-text fl-node-5bcf25173d314 nocut\" data-node=\"5bcf25173d314\">\n\t<div class=\"fl-module-content fl-node-content\">\n\t\t<div class=\"fl-rich-text\">\n\t<p>Contactez notre \u00e9quipe et prenez rendez-vous d\u00e8s maintenant pour un entretien personnalis\u00e9 avec l'un de nos conseillers.<\/p>\n<\/div>\n\t<\/div>\n<\/div>\n<div class=\"fl-module fl-module-rich-text fl-node-5bcf25173d34b\" data-node=\"5bcf25173d34b\">\n\t<div class=\"fl-module-content fl-node-content\">\n\t\t<div class=\"fl-rich-text\">\n\t<p><a id=\"question_call\" class=\"vamtam-button accent6 hover-accent1 button-solid icon-animation-disable\" role=\"button\" href=\"tel:+41244260122\" target=\"_blank\" rel=\"noopener\"><span class=\"vamtam-button-text\"><i class=\"vamtam-button-icon vamtam-button-icon-before fa far fa-phone\"><\/i>+41 24 426 01 22<\/span> <\/a> <a id=\"question_contact\" class=\"vamtam-button accent1 hover-accent6 button-solid icon-animation-disable\" role=\"button\" href=\"#contact\" target=\"_self\"><span class=\"vamtam-button-text\"><i class=\"vamtam-button-icon vamtam-button-icon-before far fa-envelope\"><\/i>Prenez-contact<\/span><\/a><\/p>\n<\/div>\n\t<\/div>\n<\/div>\n\t<\/div>\n<\/div>\n\t\t\t<div class=\"fl-col fl-node-5bcf25173d0f0 fl-col-small fl-col-has-cols\" data-node=\"5bcf25173d0f0\">\n\t<div class=\"fl-col-content fl-node-content\">\n\t\n<div class=\"fl-col-group fl-node-5bcf25173d192 fl-col-group-nested fl-col-group-custom-width\" data-node=\"5bcf25173d192\">\n\t\t\t<div class=\"fl-col fl-node-5bcf25173d270\" data-node=\"5bcf25173d270\">\n\t<div class=\"fl-col-content fl-node-content\">\n\t<div id=\"newsletter\" class=\"fl-module fl-module-rich-text fl-node-5bcf25173d2a8\" data-node=\"5bcf25173d2a8\">\n\t<div class=\"fl-module-content fl-node-content\">\n\t\t<div class=\"fl-rich-text\">\n\t<h3>Restez inform\u00e9 !<\/h3>\n<\/div>\n\t<\/div>\n<\/div>\n\t<\/div>\n<\/div>\n\t<\/div>\n\n<div class=\"fl-col-group fl-node-5bcf25173d15d fl-col-group-nested\" data-node=\"5bcf25173d15d\">\n\t\t\t<div class=\"fl-col fl-node-5bcf25173d1ca\" data-node=\"5bcf25173d1ca\">\n\t<div class=\"fl-col-content fl-node-content\">\n\t<div id=\"entete_form_news\" class=\"fl-module fl-module-rich-text fl-node-5bcf25173d201\" data-node=\"5bcf25173d201\">\n\t<div class=\"fl-module-content fl-node-content\">\n\t\t<div class=\"fl-rich-text\">\n\t<p style=\"text-align: left;\">Souscrivez \u00e0 notre newsletter<br \/>\net restez inform\u00e9 sur toutes nos nouveaut\u00e9s.<\/p>\n<\/div>\n\t<\/div>\n<\/div>\n<div class=\"fl-module fl-module-rich-text fl-node-5bcf25173d238\" data-node=\"5bcf25173d238\">\n\t<div class=\"fl-module-content fl-node-content\">\n\t\t<div class=\"fl-rich-text\">\n\t<p><div role=\"form\" class=\"wpcf7\" id=\"wpcf7-f16722-o1\" lang=\"fr-FR\" dir=\"ltr\">\n<div class=\"screen-reader-response\"><p role=\"status\" aria-live=\"polite\" aria-atomic=\"true\"><\/p> <ul><\/ul><\/div>\n<form action=\"\/fr\/wp-json\/wp\/v2\/pages\/54873#wpcf7-f16722-o1\" method=\"post\" class=\"wpcf7-form init\" novalidate=\"novalidate\" data-status=\"init\">\n<div style=\"display: none;\">\n<input type=\"hidden\" name=\"_wpcf7\" value=\"16722\" \/>\n<input type=\"hidden\" name=\"_wpcf7_version\" value=\"5.4.2\" \/>\n<input type=\"hidden\" name=\"_wpcf7_locale\" value=\"fr_FR\" \/>\n<input type=\"hidden\" name=\"_wpcf7_unit_tag\" value=\"wpcf7-f16722-o1\" \/>\n<input type=\"hidden\" name=\"_wpcf7_container_post\" value=\"0\" \/>\n<input type=\"hidden\" name=\"_wpcf7_posted_data_hash\" value=\"\" \/>\n<input type=\"hidden\" name=\"_wpcf7_recaptcha_response\" value=\"\" \/>\n<\/div>\n<p><a id=\"newsletter\"><\/a><\/p>\n<div id=\"formulaire-responsive\" class=\"clearfix\">\n<div class=\"rang-form\">\n<div class=\"demi-colonne\"><span class=\"wpcf7-form-control-wrap radio-552\"><span class=\"wpcf7-form-control wpcf7-radio option-input radio\"><span class=\"wpcf7-list-item first last\"><input type=\"radio\" name=\"radio-552\" value=\"Professionnel\" checked=\"checked\" \/><span class=\"wpcf7-list-item-label\">Professionnel<\/span><\/span><\/span><\/span><\/div>\n<div class=\"demi-colonne\"><span class=\"wpcf7-form-control-wrap radio-552\"><span class=\"wpcf7-form-control wpcf7-radio option-input radio\"><span class=\"wpcf7-list-item first last\"><input type=\"radio\" name=\"radio-552\" value=\"Particulier\" checked=\"checked\" \/><span class=\"wpcf7-list-item-label\">Particulier<\/span><\/span><\/span><\/span><\/div>\n<\/div>\n<div class=\"rang-form\">\n<div class=\"demi-colonne\"><span class=\"wpcf7-form-control-wrap first-name\"><input type=\"text\" name=\"first-name\" value=\"\" size=\"40\" class=\"wpcf7-form-control wpcf7-text wpcf7-validates-as-required\" aria-required=\"true\" aria-invalid=\"false\" placeholder=\"Votre nom\" \/><\/span><\/div>\n<div class=\"demi-colonne\"><span class=\"wpcf7-form-control-wrap your-email\"><input type=\"email\" name=\"your-email\" value=\"\" size=\"40\" class=\"wpcf7-form-control wpcf7-text wpcf7-email wpcf7-validates-as-required wpcf7-validates-as-email\" aria-required=\"true\" aria-invalid=\"false\" placeholder=\"Votre e-mail\" \/><\/span><\/div>\n<\/div>\n<div class=\"rang-form\">\n<div class=\"colonne\">\n<span class=\"wpcf7-form-control-wrap newsletter\"><span class=\"wpcf7-form-control wpcf7-acceptance\"><span class=\"wpcf7-list-item\"><label><input type=\"checkbox\" name=\"newsletter\" value=\"1\" aria-invalid=\"false\" \/><span class=\"wpcf7-list-item-label\">J\u2019autorise la soci\u00e9t\u00e9 Nickal \u00e0 me faire parvenir les nouveaut\u00e9s et offres du moment. <a href=\"\/nlpd\" title=\"nlpd\">En savoir plus<\/a><\/span><\/label><\/span><\/span><\/span><br \/>\n<input type=\"submit\" value=\"Je m&#039;inscris\" class=\"wpcf7-form-control wpcf7-submit\" \/><\/div>\n<\/div>\n<\/div>\n<input type='hidden' class='wpcf7-pum' value='{\"closepopup\":false,\"closedelay\":0,\"openpopup\":false,\"openpopup_id\":0}' \/><div class=\"wpcf7-response-output\" aria-hidden=\"true\"><\/div><\/form><\/div><\/p>\n<\/div>\n\t<\/div>\n<\/div>\n\t<\/div>\n<\/div>\n\t<\/div>\n\t<\/div>\n<\/div>\n\t<\/div>\n\t\t<\/div>\n\t<\/div>\n<\/div>\n<\/div>\n\n","protected":false},"excerpt":{"rendered":"<p>Retrouvez-nous aux \u2028KOCH Days 2026 Les KOCH Days sont un salon professionnel itin\u00e9rant d\u00e9di\u00e9 aux m\u00e9tiers techniques et aux solutions innovantes pour les professionnels du b\u00e2timent. L&rsquo;\u00e9v\u00e9nement permet de d\u00e9couvrir des produits en action, d&rsquo;assister \u00e0 des d\u00e9monstrations concr\u00e8tes et&#8230;<\/p>\n","protected":false},"author":4,"featured_media":0,"parent":0,"menu_order":0,"comment_status":"closed","ping_status":"closed","template":"","meta":[],"jetpack_sharing_enabled":true,"_links":{"self":[{"href":"https:\/\/www.nickal.ch\/fr\/wp-json\/wp\/v2\/pages\/54873"}],"collection":[{"href":"https:\/\/www.nickal.ch\/fr\/wp-json\/wp\/v2\/pages"}],"about":[{"href":"https:\/\/www.nickal.ch\/fr\/wp-json\/wp\/v2\/types\/page"}],"author":[{"embeddable":true,"href":"https:\/\/www.nickal.ch\/fr\/wp-json\/wp\/v2\/users\/4"}],"replies":[{"embeddable":true,"href":"https:\/\/www.nickal.ch\/fr\/wp-json\/wp\/v2\/comments?post=54873"}],"version-history":[{"count":5,"href":"https:\/\/www.nickal.ch\/fr\/wp-json\/wp\/v2\/pages\/54873\/revisions"}],"predecessor-version":[{"id":54882,"href":"https:\/\/www.nickal.ch\/fr\/wp-json\/wp\/v2\/pages\/54873\/revisions\/54882"}],"wp:attachment":[{"href":"https:\/\/www.nickal.ch\/fr\/wp-json\/wp\/v2\/media?parent=54873"}],"curies":[{"name":"wp","href":"https:\/\/api.w.org\/{rel}","templated":true}]}}