{"id":31404,"date":"2023-08-25T08:59:08","date_gmt":"2023-08-25T06:59:08","guid":{"rendered":"https:\/\/www.nickal.ch\/?page_id=31404"},"modified":"2023-10-06T08:51:00","modified_gmt":"2023-10-06T06:51:00","slug":"cookies","status":"publish","type":"page","link":"https:\/\/www.nickal.ch\/fr\/cookies\/","title":{"rendered":"Cookies"},"content":{"rendered":"\n<h1>Cookies<\/h1>\n<p>Ce site Web utilise des cookies.<\/p>\n<p>Lorsque vous naviguez sur notre site internet, des informations sont susceptibles d&rsquo;\u00eatre enregistr\u00e9es, ou lues, dans votre terminal, sous r\u00e9serve de vos choix.<\/p>\n<p>Les cookies sont des petits fichiers textes qui peuvent \u00eatre utilis\u00e9s par les sites Web pour rendre l&rsquo;exp\u00e9rience utilisateur plus efficace. La loi stipule que nous ne pouvons stocker des cookies sur votre appareil que s&rsquo;ils sont strictement n\u00e9cessaires au fonctionnement de ce site. Pour tous les autres types de cookies, nous avons besoin de votre permission. Ce site utilise diff\u00e9rents types de cookies. Certains cookies sont plac\u00e9s par les services tiers qui apparaissent sur nos pages. \u00c0 tout moment, vous pouvez modifier ou retirer votre consentement d\u00e8s la D\u00e9claration relative aux cookies sur notre site Web. En savoir plus sur qui nous sommes, comment vous pouvez nous contacter et comment nous traitons les donn\u00e9es personnelles veuillez voir notre Politique confidentialit\u00e9.<\/p>\n<p>Votre consentement s&rsquo;applique aux domaines suivants : www.nickal.ch<\/p>\n\n<p>Les cookies de pr\u00e9f\u00e9rences permettent \u00e0 un site Web de retenir des informations qui modifient la mani\u00e8re dont le site se comporte ou s&rsquo;affiche, comme votre langue pr\u00e9f\u00e9r\u00e9e ou la r\u00e9gion dans laquelle vous vous situez.<\/p>\n<table>\n<colgroup>\n<col>\n<col>\n<col>\n<col>\n<col><\/colgroup>\n<thead>\n<tr>\n<th dir=\"ltr\" scope=\"col\">Nom<\/th>\n<th dir=\"ltr\" scope=\"col\">Fournisseur<\/th>\n<th dir=\"ltr\" scope=\"col\">Finalit\u00e9<\/th>\n<th dir=\"ltr\" scope=\"col\">Expiration<\/th>\n<th dir=\"ltr\" scope=\"col\">Type<\/th>\n<\/tr>\n<\/thead>\n<tbody>\n<tr>\n<td>lang [x2]<\/td>\n<td>ads.linkedin.com linkedin.com<\/td>\n<td>Rappelle la version linguistique d&rsquo;un site s\u00e9lectionn\u00e9e par l&rsquo;utilisateur<\/td>\n<td>Session<\/td>\n<td>HTTP Cookie<\/td>\n<\/tr>\n<\/tbody>\n<\/table>\n\n<p>Les cookies statistiques aident les propri\u00e9taires du site Web, par la collecte et la communication d&rsquo;informations de mani\u00e8re anonyme, \u00e0 comprendre comment les visiteurs interagissent avec les sites Web.<\/p>\n<table>\n<colgroup>\n<col>\n<col>\n<col>\n<col>\n<col><\/colgroup>\n<thead>\n<tr>\n<th dir=\"ltr\" scope=\"col\">Nom<\/th>\n<th dir=\"ltr\" scope=\"col\">Fournisseur<\/th>\n<th dir=\"ltr\" scope=\"col\">Finalit\u00e9<\/th>\n<th dir=\"ltr\" scope=\"col\">Expiration<\/th>\n<th dir=\"ltr\" scope=\"col\">Type<\/th>\n<\/tr>\n<\/thead>\n<tbody>\n<tr>\n<td>_ga<\/td>\n<td>nickal.ch<\/td>\n<td>Enregistre un identifiant unique utilis\u00e9 pour g\u00e9n\u00e9rer des donn\u00e9es statistiques sur la fa\u00e7on dont le visiteur utilise le site.<\/td>\n<td>2 ann\u00e9es<\/td>\n<td>HTTP Cookie<\/td>\n<\/tr>\n<tr>\n<td>_gat<\/td>\n<td>nickal.ch<\/td>\n<td>Utilis\u00e9 par Google Analytics pour diminuer radicalement le taux de requ\u00eates<\/td>\n<td>1 jour<\/td>\n<td>HTTP Cookie<\/td>\n<\/tr>\n<tr>\n<td>_gid<\/td>\n<td>nickal.ch<\/td>\n<td>Enregistre un identifiant unique utilis\u00e9 pour g\u00e9n\u00e9rer des donn\u00e9es statistiques sur la fa\u00e7on dont le visiteur utilise le site.<\/td>\n<td>1 jour<\/td>\n<td>HTTP Cookie<\/td>\n<\/tr>\n<\/tbody>\n<\/table>\n\n<p>Les cookies marketing sont utilis\u00e9s pour effectuer le suivi des visiteurs au travers des sites Web. Le but est d&rsquo;afficher des publicit\u00e9s qui sont pertinentes et int\u00e9ressantes pour l&rsquo;utilisateur individuel et donc plus pr\u00e9cieuses pour les \u00e9diteurs et annonceurs tiers.<\/p>\n<table>\n<colgroup>\n<col>\n<col>\n<col>\n<col>\n<col><\/colgroup>\n<thead>\n<tr>\n<th dir=\"ltr\" scope=\"col\">Nom<\/th>\n<th dir=\"ltr\" scope=\"col\">Fournisseur<\/th>\n<th dir=\"ltr\" scope=\"col\">Finalit\u00e9<\/th>\n<th dir=\"ltr\" scope=\"col\">Expiration<\/th>\n<th dir=\"ltr\" scope=\"col\">Type<\/th>\n<\/tr>\n<\/thead>\n<tbody>\n<tr>\n<td>_fbp<\/td>\n<td>nickal.ch<\/td>\n<td>Utilis\u00e9 par Facebook pour fournir une s\u00e9rie de produits publicitaires tels que les offres en temps r\u00e9el d&rsquo;annonceurs tiers.<\/td>\n<td>3 mois<\/td>\n<td>HTTP Cookie<\/td>\n<\/tr>\n<tr>\n<td>bcookie<\/td>\n<td>linkedin.com<\/td>\n<td>Utilis\u00e9 par le service de r\u00e9seau social, LinkedIn, pour le suivi de l&rsquo;utilisation des services int\u00e9gr\u00e9s.<\/td>\n<td>2 ann\u00e9es<\/td>\n<td>HTTP Cookie<\/td>\n<\/tr>\n<tr>\n<td>BizoID<\/td>\n<td>ads.linkedin.com<\/td>\n<td>Utilis\u00e9 pour suivre les visiteurs sur plusieurs sites Web, afin de pr\u00e9senter des publicit\u00e9s pertinentes en fonction des pr\u00e9f\u00e9rences du visiteur.<\/td>\n<td>29 jours<\/td>\n<td>HTTP Cookie<\/td>\n<\/tr>\n<tr>\n<td>bscookie<\/td>\n<td>linkedin.com<\/td>\n<td>Utilis\u00e9 par le service de r\u00e9seau social, LinkedIn, pour le suivi de l&rsquo;utilisation des services int\u00e9gr\u00e9s.<\/td>\n<td>2 ann\u00e9es<\/td>\n<td>HTTP Cookie<\/td>\n<\/tr>\n<tr>\n<td>fr<\/td>\n<td>facebook.com<\/td>\n<td>Utilis\u00e9 par Facebook pour fournir une s\u00e9rie de produits publicitaires tels que les offres en temps r\u00e9el d&rsquo;annonceurs tiers.<\/td>\n<td>3 mois<\/td>\n<td>HTTP Cookie<\/td>\n<\/tr>\n<tr>\n<td>GPS<\/td>\n<td>youtube.com<\/td>\n<td>Enregistre un identifiant unique sur les appareils mobiles pour permettre le suivi bas\u00e9 sur la localisation g\u00e9ographique GPS.<\/td>\n<td>1 jour<\/td>\n<td>HTTP Cookie<\/td>\n<\/tr>\n<tr>\n<td>gwcc<\/td>\n<td>nickal.ch<\/td>\n<td>Habilite Google Website Call Conversions &#8211; enregistre si le visiteur a cliqu\u00e9 sur un appel dans la sous-page \u00ab\u00a0contactez-nous\u00a0\u00bb. Ces informations sont utilis\u00e9es \u00e0 des fins statistiques et de marketing.<\/td>\n<td>3 mois<\/td>\n<td>HTTP Cookie<\/td>\n<\/tr>\n<tr>\n<td>IDE<\/td>\n<td>doubleclick.net<\/td>\n<td>Utilis\u00e9 par Google DoubleClick pour enregistrer et signaler les actions de l&rsquo;utilisateur du site apr\u00e8s qu&rsquo;il ait vu ou cliqu\u00e9 sur une des pubs de l&rsquo;annonceur dans le but de mesurer l&rsquo;efficacit\u00e9 et de pr\u00e9senter des annonces publicitaires cibl\u00e9es \u00e0 l&rsquo;utilisateur.<\/td>\n<td>1 ann\u00e9e<\/td>\n<td>HTTP Cookie<\/td>\n<\/tr>\n<tr>\n<td>lidc<\/td>\n<td>linkedin.com<\/td>\n<td>Utilis\u00e9 par le service de r\u00e9seau social, LinkedIn, pour le suivi de l&rsquo;utilisation des services int\u00e9gr\u00e9s.<\/td>\n<td>1 jour<\/td>\n<td>HTTP Cookie<\/td>\n<\/tr>\n<tr>\n<td>PREF<\/td>\n<td>youtube.com<\/td>\n<td>Enregistre un identifiant unique utilis\u00e9 par Google pour conserver des statistiques sur la fa\u00e7on dont le visiteur utilise des vid\u00e9os YouTube dans diff\u00e9rents sites web.<\/td>\n<td>8 mois<\/td>\n<td>HTTP Cookie<\/td>\n<\/tr>\n<tr>\n<td>test_cookie<\/td>\n<td>doubleclick.net<\/td>\n<td>Utilis\u00e9 pour v\u00e9rifier si le navigateur de l&rsquo;utilisateur accepte les cookies.<\/td>\n<td>1 jour<\/td>\n<td>HTTP Cookie<\/td>\n<\/tr>\n<tr>\n<td>UserMatchHistory<\/td>\n<td>linkedin.com<\/td>\n<td>Utilis\u00e9 pour suivre les visiteurs sur plusieurs sites Web, afin de pr\u00e9senter des publicit\u00e9s pertinentes en fonction des pr\u00e9f\u00e9rences du visiteur.<\/td>\n<td>29 jours<\/td>\n<td>HTTP Cookie<\/td>\n<\/tr>\n<tr>\n<td>VISITOR_INFO1_LIVE<\/td>\n<td>youtube.com<\/td>\n<td>Tente d&rsquo;estimer la bande passante des utilisateurs sur des pages avec des vid\u00e9os YouTube int\u00e9gr\u00e9es.<\/td>\n<td>179 jours<\/td>\n<td>HTTP Cookie<\/td>\n<\/tr>\n<tr>\n<td>YSC<\/td>\n<td>youtube.com<\/td>\n<td>Enregistre un identifiant unique pour conserver des statistiques sur les vid\u00e9os de YouTube vues par l&rsquo;utilisateur.<\/td>\n<td>Session<\/td>\n<td>HTTP Cookie<\/td>\n<\/tr>\n<tr>\n<td>yt-remote-cast-installed<\/td>\n<td>youtube.com<\/td>\n<td>Stocke les pr\u00e9f\u00e9rences de lecture vid\u00e9o de l&rsquo;utilisateur pour les vid\u00e9os YouTube incorpor\u00e9es<\/td>\n<td>Session<\/td>\n<td>HTML Local Storage<\/td>\n<\/tr>\n<tr>\n<td>yt-remote-connected-devices<\/td>\n<td>youtube.com<\/td>\n<td>Stocke les pr\u00e9f\u00e9rences de lecture vid\u00e9o de l&rsquo;utilisateur pour les vid\u00e9os YouTube incorpor\u00e9es<\/td>\n<td>Persistent<\/td>\n<td>HTML Local Storage<\/td>\n<\/tr>\n<tr>\n<td>yt-remote-device-id<\/td>\n<td>youtube.com<\/td>\n<td>Stocke les pr\u00e9f\u00e9rences de lecture vid\u00e9o de l&rsquo;utilisateur pour les vid\u00e9os YouTube incorpor\u00e9es<\/td>\n<td>Persistent<\/td>\n<td>HTML Local Storage<\/td>\n<\/tr>\n<tr>\n<td>yt-remote-fast-check-period<\/td>\n<td>youtube.com<\/td>\n<td>Stocke les pr\u00e9f\u00e9rences de lecture vid\u00e9o de l&rsquo;utilisateur pour les vid\u00e9os YouTube incorpor\u00e9es<\/td>\n<td>Session<\/td>\n<td>HTML Local Storage<\/td>\n<\/tr>\n<tr>\n<td>yt-remote-session-app<\/td>\n<td>youtube.com<\/td>\n<td>Stocke les pr\u00e9f\u00e9rences de lecture vid\u00e9o de l&rsquo;utilisateur pour les vid\u00e9os YouTube incorpor\u00e9es<\/td>\n<td>Session<\/td>\n<td>HTML Local Storage<\/td>\n<\/tr>\n<tr>\n<td>yt-remote-session-name<\/td>\n<td>youtube.com<\/td>\n<td>Stocke les pr\u00e9f\u00e9rences de lecture vid\u00e9o de l&rsquo;utilisateur pour les vid\u00e9os YouTube incorpor\u00e9es<\/td>\n<td>Session<\/td>\n<td>HTML Local Storage<\/td>\n<\/tr>\n<\/tbody>\n<\/table>\n\t<div class=\"fl-builder-content fl-builder-content-16798 fl-builder-template fl-builder-row-template fl-builder-global-templates-locked\" data-post-id=\"16798\"><div class=\"fl-row fl-row-full-width fl-row-bg-color fl-node-5bcf25173d381\" data-node=\"5bcf25173d381\">\n\t<div class=\"fl-row-content-wrap\">\n\t\t\t\t\t\t<div class=\"fl-row-content fl-row-fixed-width fl-node-content\">\n\t\t\n<div class=\"fl-col-group fl-node-5bcf25173d0b6 fl-col-group-custom-width\" data-node=\"5bcf25173d0b6\">\n\t\t\t<div class=\"fl-col fl-node-5bcf25173d127 fl-col-small\" data-node=\"5bcf25173d127\">\n\t<div class=\"fl-col-content fl-node-content\">\n\t<div class=\"fl-module fl-module-rich-text fl-node-5bcf25173d2de\" data-node=\"5bcf25173d2de\">\n\t<div class=\"fl-module-content fl-node-content\">\n\t\t<div class=\"fl-rich-text\">\n\t<h2>Un besoin<br \/>\n<strong class=\"r\">une question ?<\/strong><\/h2>\n<\/div>\n\t<\/div>\n<\/div>\n<div class=\"fl-module fl-module-rich-text fl-node-5bcf25173d314 nocut\" data-node=\"5bcf25173d314\">\n\t<div class=\"fl-module-content fl-node-content\">\n\t\t<div class=\"fl-rich-text\">\n\t<p>Contactez notre \u00e9quipe et prenez rendez-vous d\u00e8s maintenant pour un entretien personnalis\u00e9 avec l'un de nos conseillers.<\/p>\n<\/div>\n\t<\/div>\n<\/div>\n<div class=\"fl-module fl-module-rich-text fl-node-5bcf25173d34b\" data-node=\"5bcf25173d34b\">\n\t<div class=\"fl-module-content fl-node-content\">\n\t\t<div class=\"fl-rich-text\">\n\t<p><a id=\"question_call\" class=\"vamtam-button accent6 hover-accent1 button-solid icon-animation-disable\" role=\"button\" href=\"tel:+41244260122\" target=\"_blank\" rel=\"noopener\"><span class=\"vamtam-button-text\"><i class=\"vamtam-button-icon vamtam-button-icon-before fa far fa-phone\"><\/i>+41 24 426 01 22<\/span> <\/a> <a id=\"question_contact\" class=\"vamtam-button accent1 hover-accent6 button-solid icon-animation-disable\" role=\"button\" href=\"#contact\" target=\"_self\"><span class=\"vamtam-button-text\"><i class=\"vamtam-button-icon vamtam-button-icon-before far fa-envelope\"><\/i>Prenez-contact<\/span><\/a><\/p>\n<\/div>\n\t<\/div>\n<\/div>\n\t<\/div>\n<\/div>\n\t\t\t<div class=\"fl-col fl-node-5bcf25173d0f0 fl-col-small fl-col-has-cols\" data-node=\"5bcf25173d0f0\">\n\t<div class=\"fl-col-content fl-node-content\">\n\t\n<div class=\"fl-col-group fl-node-5bcf25173d192 fl-col-group-nested fl-col-group-custom-width\" data-node=\"5bcf25173d192\">\n\t\t\t<div class=\"fl-col fl-node-5bcf25173d270\" data-node=\"5bcf25173d270\">\n\t<div class=\"fl-col-content fl-node-content\">\n\t<div id=\"newsletter\" class=\"fl-module fl-module-rich-text fl-node-5bcf25173d2a8\" data-node=\"5bcf25173d2a8\">\n\t<div class=\"fl-module-content fl-node-content\">\n\t\t<div class=\"fl-rich-text\">\n\t<h3>Restez inform\u00e9 !<\/h3>\n<\/div>\n\t<\/div>\n<\/div>\n\t<\/div>\n<\/div>\n\t<\/div>\n\n<div class=\"fl-col-group fl-node-5bcf25173d15d fl-col-group-nested\" data-node=\"5bcf25173d15d\">\n\t\t\t<div class=\"fl-col fl-node-5bcf25173d1ca\" data-node=\"5bcf25173d1ca\">\n\t<div class=\"fl-col-content fl-node-content\">\n\t<div id=\"entete_form_news\" class=\"fl-module fl-module-rich-text fl-node-5bcf25173d201\" data-node=\"5bcf25173d201\">\n\t<div class=\"fl-module-content fl-node-content\">\n\t\t<div class=\"fl-rich-text\">\n\t<p style=\"text-align: left;\">Souscrivez \u00e0 notre newsletter<br \/>\net restez inform\u00e9 sur toutes nos nouveaut\u00e9s.<\/p>\n<\/div>\n\t<\/div>\n<\/div>\n<div class=\"fl-module fl-module-rich-text fl-node-5bcf25173d238\" data-node=\"5bcf25173d238\">\n\t<div class=\"fl-module-content fl-node-content\">\n\t\t<div class=\"fl-rich-text\">\n\t<p><div role=\"form\" class=\"wpcf7\" id=\"wpcf7-f16722-o1\" lang=\"fr-FR\" dir=\"ltr\">\n<div class=\"screen-reader-response\"><p role=\"status\" aria-live=\"polite\" aria-atomic=\"true\"><\/p> <ul><\/ul><\/div>\n<form action=\"\/fr\/wp-json\/wp\/v2\/pages\/31404#wpcf7-f16722-o1\" method=\"post\" class=\"wpcf7-form init\" novalidate=\"novalidate\" data-status=\"init\">\n<div style=\"display: none;\">\n<input type=\"hidden\" name=\"_wpcf7\" value=\"16722\" \/>\n<input type=\"hidden\" name=\"_wpcf7_version\" value=\"5.4.2\" \/>\n<input type=\"hidden\" name=\"_wpcf7_locale\" value=\"fr_FR\" \/>\n<input type=\"hidden\" name=\"_wpcf7_unit_tag\" value=\"wpcf7-f16722-o1\" \/>\n<input type=\"hidden\" name=\"_wpcf7_container_post\" value=\"0\" \/>\n<input type=\"hidden\" name=\"_wpcf7_posted_data_hash\" value=\"\" \/>\n<input type=\"hidden\" name=\"_wpcf7_recaptcha_response\" value=\"\" \/>\n<\/div>\n<p><a id=\"newsletter\"><\/a><\/p>\n<div id=\"formulaire-responsive\" class=\"clearfix\">\n<div class=\"rang-form\">\n<div class=\"demi-colonne\"><span class=\"wpcf7-form-control-wrap radio-552\"><span class=\"wpcf7-form-control wpcf7-radio option-input radio\"><span class=\"wpcf7-list-item first last\"><input type=\"radio\" name=\"radio-552\" value=\"Professionnel\" checked=\"checked\" \/><span class=\"wpcf7-list-item-label\">Professionnel<\/span><\/span><\/span><\/span><\/div>\n<div class=\"demi-colonne\"><span class=\"wpcf7-form-control-wrap radio-552\"><span class=\"wpcf7-form-control wpcf7-radio option-input radio\"><span class=\"wpcf7-list-item first last\"><input type=\"radio\" name=\"radio-552\" value=\"Particulier\" checked=\"checked\" \/><span class=\"wpcf7-list-item-label\">Particulier<\/span><\/span><\/span><\/span><\/div>\n<\/div>\n<div class=\"rang-form\">\n<div class=\"demi-colonne\"><span class=\"wpcf7-form-control-wrap first-name\"><input type=\"text\" name=\"first-name\" value=\"\" size=\"40\" class=\"wpcf7-form-control wpcf7-text wpcf7-validates-as-required\" aria-required=\"true\" aria-invalid=\"false\" placeholder=\"Votre nom\" \/><\/span><\/div>\n<div class=\"demi-colonne\"><span class=\"wpcf7-form-control-wrap your-email\"><input type=\"email\" name=\"your-email\" value=\"\" size=\"40\" class=\"wpcf7-form-control wpcf7-text wpcf7-email wpcf7-validates-as-required wpcf7-validates-as-email\" aria-required=\"true\" aria-invalid=\"false\" placeholder=\"Votre e-mail\" \/><\/span><\/div>\n<\/div>\n<div class=\"rang-form\">\n<div class=\"colonne\">\n<span class=\"wpcf7-form-control-wrap newsletter\"><span class=\"wpcf7-form-control wpcf7-acceptance\"><span class=\"wpcf7-list-item\"><label><input type=\"checkbox\" name=\"newsletter\" value=\"1\" aria-invalid=\"false\" \/><span class=\"wpcf7-list-item-label\">J\u2019autorise la soci\u00e9t\u00e9 Nickal \u00e0 me faire parvenir les nouveaut\u00e9s et offres du moment. <a href=\"\/nlpd\" title=\"nlpd\">En savoir plus<\/a><\/span><\/label><\/span><\/span><\/span><br \/>\n<input type=\"submit\" value=\"Je m&#039;inscris\" class=\"wpcf7-form-control wpcf7-submit\" \/><\/div>\n<\/div>\n<\/div>\n<input type='hidden' class='wpcf7-pum' value='{\"closepopup\":false,\"closedelay\":0,\"openpopup\":false,\"openpopup_id\":0}' \/><div class=\"wpcf7-response-output\" aria-hidden=\"true\"><\/div><\/form><\/div><\/p>\n<\/div>\n\t<\/div>\n<\/div>\n\t<\/div>\n<\/div>\n\t<\/div>\n\t<\/div>\n<\/div>\n\t<\/div>\n\t\t<\/div>\n\t<\/div>\n<\/div>\n<\/div>\n","protected":false},"excerpt":{"rendered":"<p>Cookies Ce site Web utilise des cookies. Lorsque vous naviguez sur notre site internet, des informations sont susceptibles d&rsquo;\u00eatre enregistr\u00e9es, ou lues, dans votre terminal, sous r\u00e9serve de vos choix. Les cookies sont des petits fichiers textes qui peuvent \u00eatre&#8230;<\/p>\n","protected":false},"author":4,"featured_media":0,"parent":0,"menu_order":0,"comment_status":"closed","ping_status":"closed","template":"","meta":[],"jetpack_sharing_enabled":true,"_links":{"self":[{"href":"https:\/\/www.nickal.ch\/fr\/wp-json\/wp\/v2\/pages\/31404"}],"collection":[{"href":"https:\/\/www.nickal.ch\/fr\/wp-json\/wp\/v2\/pages"}],"about":[{"href":"https:\/\/www.nickal.ch\/fr\/wp-json\/wp\/v2\/types\/page"}],"author":[{"embeddable":true,"href":"https:\/\/www.nickal.ch\/fr\/wp-json\/wp\/v2\/users\/4"}],"replies":[{"embeddable":true,"href":"https:\/\/www.nickal.ch\/fr\/wp-json\/wp\/v2\/comments?post=31404"}],"version-history":[{"count":3,"href":"https:\/\/www.nickal.ch\/fr\/wp-json\/wp\/v2\/pages\/31404\/revisions"}],"predecessor-version":[{"id":31840,"href":"https:\/\/www.nickal.ch\/fr\/wp-json\/wp\/v2\/pages\/31404\/revisions\/31840"}],"wp:attachment":[{"href":"https:\/\/www.nickal.ch\/fr\/wp-json\/wp\/v2\/media?parent=31404"}],"curies":[{"name":"wp","href":"https:\/\/api.w.org\/{rel}","templated":true}]}}