{"id":18573,"date":"2019-07-08T15:36:12","date_gmt":"2019-07-08T13:36:12","guid":{"rendered":"https:\/\/www.nickal.ch\/?page_id=18573"},"modified":"2019-07-08T15:41:05","modified_gmt":"2019-07-08T13:41:05","slug":"poignees-de-porte","status":"publish","type":"page","link":"https:\/\/www.nickal.ch\/fr\/poignees-de-porte\/","title":{"rendered":"Poign\u00e9es de porte"},"content":{"rendered":"\n\t\n<h5>Notre<br \/>\n<strong>Catalogue<\/strong><\/h5>\n<p>Retrouvez tous les produits de notre assortiement dans notre catalogue PDF.<\/p>\n<a href=\"#\" id=\"catalogue_pdf_page\">T\u00e9l\u00e9charger le catalogue<\/a>\n\t\t\t\t<img loading=\"lazy\" src=\"https:\/\/www.nickal.ch\/wp-content\/uploads\/2018\/11\/art-1852-1.jpg\" alt=\"Nickal - art-1852-1\" itemprop=\"image\" height=\"217\" width=\"434\" title=\"Nickal - art-1852-1\" onerror=\"this.style.display='none'\"  \/>\n\t<h1>Poign\u00e9es de porte<\/h1>\n<p>D\u00e9couvrez les poign\u00e9es de porte Nickal, la qualit\u00e9 pour tous les styles et tous les budgets. Poign\u00e9es de porte en inox, zamak, ou aluminium : consultez nos catalogues pour trouver le mod\u00e8le qui correspondra le mieux \u00e0 votre appartement, votre maison, ou votre immeuble. <\/p>\n\t\n<h5>Notre<br \/>\n<strong>Catalogue<\/strong><\/h5>\n<p>Retrouvez tous les produits de notre assortiement dans notre catalogue PDF.<\/p>\n<a href=\"#\" id=\"catalogue_pdf_page\">T\u00e9l\u00e9charger le catalogue<\/a>\n\t<h2>Poign\u00e9es de porte en zamak<\/h2>\n<p>A la recherche d\u2019une poign\u00e9e de porte r\u00e9sistante et fonctionnelle, \u00e0 moindre co\u00fbt ? Nos poign\u00e9es de porte en zamak sont faites pour vous ! Id\u00e9ales pour des chambres, elles se d\u00e9clinent en plusieurs dimensions et plusieurs finitions, pour se fondre parfaitement dans le style d\u2019un appartement ou d\u2019une maison. En sabl\u00e9 chrom\u00e9 mat, bross\u00e9 nickel\u00e9 mat, ou encore sabl\u00e9 nickel\u00e9 mat, les poign\u00e9es de porte en zamak Nickal viendront terminer le design de vos espaces.<\/p>\n<p><a href=\"https:\/\/www.nickal.ch\/fr\/zamak-poignees-pour-portes-de-chambres\/\">D\u00e9couvrez toutes nos poign\u00e9es de porte en zamak<\/a><\/p>\n<h2>Poign\u00e9es de porte en inox<\/h2>\n<p>Nos poign\u00e9es de porte en inox sont un incontournable de l\u2019am\u00e9nagement int\u00e9rieur. Robustes, fines et l\u00e9g\u00e8res, elles compl\u00e8tent avec go\u00fbt vos portes de communication, de salle de bains, ou encore de cuisine. Pour les petits comme les plus gros budgets, les poign\u00e9es de porte en inox Nickal sont disponibles en plusieurs dimensions.<\/p>\n<p><a href=\"https:\/\/www.nickal.ch\/fr\/inox-poignees-de-portes\/\">D\u00e9couvrez toutes nos poign\u00e9es de porte en inox<\/a><\/p>\n<h2>Poign\u00e9es de porte en aluminium<\/h2>\n<p>Pour vos chambres, faites confiance \u00e0 la qualit\u00e9 Nickal avec nos poign\u00e9es de porte en aluminium. Ergonomiques et r\u00e9sistantes, elles \u00e9pousent la forme de la main pour une meilleure tenue. En aluminium \u00e9lox\u00e9 F1 ou F2, nos poign\u00e9es de porte en aluminium sont \u00e9conomiques et fiables.<\/p>\n<p><a href=\"https:\/\/www.nickal.ch\/fr\/aluminium-poignees-de-portes\/\">D\u00e9couvrez toutes nos poign\u00e9es de porte en aluminium<\/a><\/p>\n<h2>Poign\u00e9es de porte design<\/h2>\n<p>Pour un immeuble haut de gamme, un appartement ou une villa de standing, d\u00e9couvrez nos poign\u00e9es de porte design. Imagin\u00e9es pour correspondre \u00e0 un int\u00e9rieur \u00e9l\u00e9gant et raffin\u00e9, elles allient confort de prise en main, r\u00e9sistance aux chocs et esth\u00e9tisme moderne. Disponibles en trois d\u00e9clinaisons de finitions, nos poign\u00e9es de porte design s\u2019int\u00e8grent parfaitement \u00e0 une d\u00e9coration d\u2019int\u00e9rieur luxueuse.<\/p>\n<p><a href=\"https:\/\/www.nickal.ch\/fr\/design-poignees-de-portes\/\">D\u00e9couvrez toutes nos poign\u00e9es de porte design<\/a><\/p>\n\t<div class=\"fl-builder-content fl-builder-content-16798 fl-builder-template fl-builder-row-template fl-builder-global-templates-locked\" data-post-id=\"16798\"><div class=\"fl-row fl-row-full-width fl-row-bg-color fl-node-5bcf25173d381\" data-node=\"5bcf25173d381\">\n\t<div class=\"fl-row-content-wrap\">\n\t\t\t\t\t\t<div class=\"fl-row-content fl-row-fixed-width fl-node-content\">\n\t\t\n<div class=\"fl-col-group fl-node-5bcf25173d0b6 fl-col-group-custom-width\" data-node=\"5bcf25173d0b6\">\n\t\t\t<div class=\"fl-col fl-node-5bcf25173d127 fl-col-small\" data-node=\"5bcf25173d127\">\n\t<div class=\"fl-col-content fl-node-content\">\n\t<div class=\"fl-module fl-module-rich-text fl-node-5bcf25173d2de\" data-node=\"5bcf25173d2de\">\n\t<div class=\"fl-module-content fl-node-content\">\n\t\t<div class=\"fl-rich-text\">\n\t<h2>Un besoin<br \/>\n<strong class=\"r\">une question ?<\/strong><\/h2>\n<\/div>\n\t<\/div>\n<\/div>\n<div class=\"fl-module fl-module-rich-text fl-node-5bcf25173d314 nocut\" data-node=\"5bcf25173d314\">\n\t<div class=\"fl-module-content fl-node-content\">\n\t\t<div class=\"fl-rich-text\">\n\t<p>Contactez notre \u00e9quipe et prenez rendez-vous d\u00e8s maintenant pour un entretien personnalis\u00e9 avec l'un de nos conseillers.<\/p>\n<\/div>\n\t<\/div>\n<\/div>\n<div class=\"fl-module fl-module-rich-text fl-node-5bcf25173d34b\" data-node=\"5bcf25173d34b\">\n\t<div class=\"fl-module-content fl-node-content\">\n\t\t<div class=\"fl-rich-text\">\n\t<p><a id=\"question_call\" class=\"vamtam-button accent6 hover-accent1 button-solid icon-animation-disable\" role=\"button\" href=\"tel:+41244260122\" target=\"_blank\" rel=\"noopener\"><span class=\"vamtam-button-text\"><i class=\"vamtam-button-icon vamtam-button-icon-before fa far fa-phone\"><\/i>+41 24 426 01 22<\/span> <\/a> <a id=\"question_contact\" class=\"vamtam-button accent1 hover-accent6 button-solid icon-animation-disable\" role=\"button\" href=\"#contact\" target=\"_self\"><span class=\"vamtam-button-text\"><i class=\"vamtam-button-icon vamtam-button-icon-before far fa-envelope\"><\/i>Prenez-contact<\/span><\/a><\/p>\n<\/div>\n\t<\/div>\n<\/div>\n\t<\/div>\n<\/div>\n\t\t\t<div class=\"fl-col fl-node-5bcf25173d0f0 fl-col-small fl-col-has-cols\" data-node=\"5bcf25173d0f0\">\n\t<div class=\"fl-col-content fl-node-content\">\n\t\n<div class=\"fl-col-group fl-node-5bcf25173d192 fl-col-group-nested fl-col-group-custom-width\" data-node=\"5bcf25173d192\">\n\t\t\t<div class=\"fl-col fl-node-5bcf25173d270\" data-node=\"5bcf25173d270\">\n\t<div class=\"fl-col-content fl-node-content\">\n\t<div id=\"newsletter\" class=\"fl-module fl-module-rich-text fl-node-5bcf25173d2a8\" data-node=\"5bcf25173d2a8\">\n\t<div class=\"fl-module-content fl-node-content\">\n\t\t<div class=\"fl-rich-text\">\n\t<h3>Restez inform\u00e9 !<\/h3>\n<\/div>\n\t<\/div>\n<\/div>\n\t<\/div>\n<\/div>\n\t<\/div>\n\n<div class=\"fl-col-group fl-node-5bcf25173d15d fl-col-group-nested\" data-node=\"5bcf25173d15d\">\n\t\t\t<div class=\"fl-col fl-node-5bcf25173d1ca\" data-node=\"5bcf25173d1ca\">\n\t<div class=\"fl-col-content fl-node-content\">\n\t<div id=\"entete_form_news\" class=\"fl-module fl-module-rich-text fl-node-5bcf25173d201\" data-node=\"5bcf25173d201\">\n\t<div class=\"fl-module-content fl-node-content\">\n\t\t<div class=\"fl-rich-text\">\n\t<p style=\"text-align: left;\">Souscrivez \u00e0 notre newsletter<br \/>\net restez inform\u00e9 sur toutes nos nouveaut\u00e9s.<\/p>\n<\/div>\n\t<\/div>\n<\/div>\n<div class=\"fl-module fl-module-rich-text fl-node-5bcf25173d238\" data-node=\"5bcf25173d238\">\n\t<div class=\"fl-module-content fl-node-content\">\n\t\t<div class=\"fl-rich-text\">\n\t<p><div role=\"form\" class=\"wpcf7\" id=\"wpcf7-f16722-o1\" lang=\"fr-FR\" dir=\"ltr\">\n<div class=\"screen-reader-response\"><p role=\"status\" aria-live=\"polite\" aria-atomic=\"true\"><\/p> <ul><\/ul><\/div>\n<form action=\"\/fr\/wp-json\/wp\/v2\/pages\/18573#wpcf7-f16722-o1\" method=\"post\" class=\"wpcf7-form init\" novalidate=\"novalidate\" data-status=\"init\">\n<div style=\"display: none;\">\n<input type=\"hidden\" name=\"_wpcf7\" value=\"16722\" \/>\n<input type=\"hidden\" name=\"_wpcf7_version\" value=\"5.4.2\" \/>\n<input type=\"hidden\" name=\"_wpcf7_locale\" value=\"fr_FR\" \/>\n<input type=\"hidden\" name=\"_wpcf7_unit_tag\" value=\"wpcf7-f16722-o1\" \/>\n<input type=\"hidden\" name=\"_wpcf7_container_post\" value=\"0\" \/>\n<input type=\"hidden\" name=\"_wpcf7_posted_data_hash\" value=\"\" \/>\n<input type=\"hidden\" name=\"_wpcf7_recaptcha_response\" value=\"\" \/>\n<\/div>\n<p><a id=\"newsletter\"><\/a><\/p>\n<div id=\"formulaire-responsive\" class=\"clearfix\">\n<div class=\"rang-form\">\n<div class=\"demi-colonne\"><span class=\"wpcf7-form-control-wrap radio-552\"><span class=\"wpcf7-form-control wpcf7-radio option-input radio\"><span class=\"wpcf7-list-item first last\"><input type=\"radio\" name=\"radio-552\" value=\"Professionnel\" checked=\"checked\" \/><span class=\"wpcf7-list-item-label\">Professionnel<\/span><\/span><\/span><\/span><\/div>\n<div class=\"demi-colonne\"><span class=\"wpcf7-form-control-wrap radio-552\"><span class=\"wpcf7-form-control wpcf7-radio option-input radio\"><span class=\"wpcf7-list-item first last\"><input type=\"radio\" name=\"radio-552\" value=\"Particulier\" checked=\"checked\" \/><span class=\"wpcf7-list-item-label\">Particulier<\/span><\/span><\/span><\/span><\/div>\n<\/div>\n<div class=\"rang-form\">\n<div class=\"demi-colonne\"><span class=\"wpcf7-form-control-wrap first-name\"><input type=\"text\" name=\"first-name\" value=\"\" size=\"40\" class=\"wpcf7-form-control wpcf7-text wpcf7-validates-as-required\" aria-required=\"true\" aria-invalid=\"false\" placeholder=\"Votre nom\" \/><\/span><\/div>\n<div class=\"demi-colonne\"><span class=\"wpcf7-form-control-wrap your-email\"><input type=\"email\" name=\"your-email\" value=\"\" size=\"40\" class=\"wpcf7-form-control wpcf7-text wpcf7-email wpcf7-validates-as-required wpcf7-validates-as-email\" aria-required=\"true\" aria-invalid=\"false\" placeholder=\"Votre e-mail\" \/><\/span><\/div>\n<\/div>\n<div class=\"rang-form\">\n<div class=\"colonne\">\n<span class=\"wpcf7-form-control-wrap newsletter\"><span class=\"wpcf7-form-control wpcf7-acceptance\"><span class=\"wpcf7-list-item\"><label><input type=\"checkbox\" name=\"newsletter\" value=\"1\" aria-invalid=\"false\" \/><span class=\"wpcf7-list-item-label\">J\u2019autorise la soci\u00e9t\u00e9 Nickal \u00e0 me faire parvenir les nouveaut\u00e9s et offres du moment. <a href=\"\/nlpd\" title=\"nlpd\">En savoir plus<\/a><\/span><\/label><\/span><\/span><\/span><br \/>\n<input type=\"submit\" value=\"Je m&#039;inscris\" class=\"wpcf7-form-control wpcf7-submit\" \/><\/div>\n<\/div>\n<\/div>\n<input type='hidden' class='wpcf7-pum' value='{\"closepopup\":false,\"closedelay\":0,\"openpopup\":false,\"openpopup_id\":0}' \/><div class=\"wpcf7-response-output\" aria-hidden=\"true\"><\/div><\/form><\/div><\/p>\n<\/div>\n\t<\/div>\n<\/div>\n\t<\/div>\n<\/div>\n\t<\/div>\n\t<\/div>\n<\/div>\n\t<\/div>\n\t\t<\/div>\n\t<\/div>\n<\/div>\n<\/div>\n","protected":false},"excerpt":{"rendered":"<p>Poign\u00e9es de porte D\u00e9couvrez les poign\u00e9es de porte Nickal, la qualit\u00e9 pour tous les styles et tous les budgets. Poign\u00e9es de porte en inox, zamak, ou aluminium : consultez nos catalogues pour trouver le mod\u00e8le qui correspondra le mieux \u00e0&#8230;<\/p>\n","protected":false},"author":1,"featured_media":0,"parent":0,"menu_order":0,"comment_status":"closed","ping_status":"closed","template":"","meta":[],"jetpack_sharing_enabled":true,"_links":{"self":[{"href":"https:\/\/www.nickal.ch\/fr\/wp-json\/wp\/v2\/pages\/18573"}],"collection":[{"href":"https:\/\/www.nickal.ch\/fr\/wp-json\/wp\/v2\/pages"}],"about":[{"href":"https:\/\/www.nickal.ch\/fr\/wp-json\/wp\/v2\/types\/page"}],"author":[{"embeddable":true,"href":"https:\/\/www.nickal.ch\/fr\/wp-json\/wp\/v2\/users\/1"}],"replies":[{"embeddable":true,"href":"https:\/\/www.nickal.ch\/fr\/wp-json\/wp\/v2\/comments?post=18573"}],"version-history":[{"count":0,"href":"https:\/\/www.nickal.ch\/fr\/wp-json\/wp\/v2\/pages\/18573\/revisions"}],"wp:attachment":[{"href":"https:\/\/www.nickal.ch\/fr\/wp-json\/wp\/v2\/media?parent=18573"}],"curies":[{"name":"wp","href":"https:\/\/api.w.org\/{rel}","templated":true}]}}