{"id":17933,"date":"2019-01-15T15:20:19","date_gmt":"2019-01-15T14:20:19","guid":{"rendered":"http:\/\/staging06.coommunication.com\/?page_id=17933"},"modified":"2019-01-15T15:22:43","modified_gmt":"2019-01-15T14:22:43","slug":"plan-du-site","status":"publish","type":"page","link":"https:\/\/www.nickal.ch\/fr\/plan-du-site\/","title":{"rendered":"Plan du site"},"content":{"rendered":"<h1>Plan <strong>du site<\/strong><\/h1>\n<ul>\n<li><a href=\"http:\/\/www.nickal.ch\/fr\/\">Accueil<\/a><\/li>\n<li>Ferrements\n<ul>\n<li>Zamak\n<ul>\n<li><a href=\"inox-poignees-de-portes\/\">Poign\u00e9es de portes<\/a><\/li>\n<li><a href=\"zamak-entrees-pour-portes-de-chambres\/\">Entr\u00e9es de portes<\/a><\/li>\n<li><a href=\"zamak-entrees-avec-boutons\/\">Entr\u00e9es avec boutons<\/a><\/li>\n<li><a href=\"zamak-boutons-de-meubles\/\">Olives et boutons de meubles<\/a><\/li>\n<li><a href=\"zamak-rosaces-rondes-a-visser\/\">Rosaces rondes \u00e0 visser<\/a><\/li>\n<\/ul>\n<\/li>\n<li>Inox\n<ul>\n<li><a href=\"inox-poignees-de-portes\/\">Poign\u00e9es de portes<\/a><\/li>\n<li><a href=\"inox-entrees-de-portes\/\">Entr\u00e9es de portes<\/a><\/li>\n<li><a href=\"inox-entrees-avec-bouton\/\">Entr\u00e9es avec boutons<\/a><\/li>\n<li><a href=\"inox-olives-et-boutons-de-meubles\/\">Olives et boutons de meubles<\/a><\/li>\n<\/ul>\n<\/li>\n<li>Cocktail\n<ul>\n<li><a href=\"cocktail-poignees\/\">Poign\u00e9es<\/a><\/li>\n<li><a href=\"cocktail-entrees-clips\/\">Entr\u00e9es clips<\/a><\/li>\n<li><a href=\"cocktail-rosaces-clips\/\">Rosaces clips<\/a><\/li>\n<li><a href=\"cocktail-bases-universelles\/\">Bases universelles<\/a><\/li>\n<li><a href=\"cocktail-boutons-de-meubles\/\">Boutons de meubles<\/a><\/li>\n<li><a href=\"cocktail-poignees-cuvettes\/\">Poign\u00e9es cuvettes<\/a><\/li>\n<\/ul>\n<\/li>\n<li>Accessoires\n<ul>\n<li><a href=\"accessoires-carres\/\">Carr\u00e9s<\/a><\/li>\n<li><a href=\"accessoires-tiges-a-levier\/\">Tiges \u00e0 levier<\/a><\/li>\n<li><a href=\"accessoires-carres-partages\/\">Carr\u00e9s partag\u00e9s<\/a><\/li>\n<li><a href=\"accessoires-disques-wc\/\">Disques WC<\/a><\/li>\n<\/ul>\n<\/li>\n<li>Design\n<ul>\n<li><a href=\"design-poignees-de-portes\/\">Poign\u00e9es de portes<\/a><\/li>\n<li><a href=\"design-rosaces-wc\/\">Rosaces WC<\/a><\/li>\n<\/ul>\n<\/li>\n<li>Aluminium\n<ul>\n<li><a href=\"aluminium-poignees-de-portes\/\">Poign\u00e9es de portes<\/a><\/li>\n<li><a href=\"aluminium-entrees-de-portes\/\">Entr\u00e9es de portes<\/a><\/li>\n<li><a href=\"aluminium-entrees-wc\/\">Entr\u00e9es WC<\/a><\/li>\n<\/ul>\n<\/li>\n<li>Quincaillerie\n<ul>\n<li><a href=\"quincaillerie-crochets\/\">Crochets<\/a><\/li>\n<li><a href=\"quincaillerie-poignees-de-meubles\/\">Poign\u00e9es de meubles<\/a><\/li>\n<\/ul>\n<\/li>\n<\/ul>\n<\/li>\n<li><a href=\"a-propos\/\">A propos<\/a><\/li>\n<li><a href=\"partenaires\/\">Partenaires<\/a><\/li>\n<li><a href=\"..\/wp-content\/uploads\/2018\/11\/Catalogue2017site.pdf\">Catalogue<\/a><\/li>\n<li><a href=\"plan-du-site\/\">Plan du site<\/a><\/li>\n<\/ul>\n<div class=\"fl-builder-content fl-builder-content-16798 fl-builder-template fl-builder-row-template fl-builder-global-templates-locked\" data-post-id=\"16798\"><div class=\"fl-row fl-row-full-width fl-row-bg-color fl-node-5bcf25173d381\" data-node=\"5bcf25173d381\">\n\t<div class=\"fl-row-content-wrap\">\n\t\t\t\t\t\t<div class=\"fl-row-content fl-row-fixed-width fl-node-content\">\n\t\t\n<div class=\"fl-col-group fl-node-5bcf25173d0b6 fl-col-group-custom-width\" data-node=\"5bcf25173d0b6\">\n\t\t\t<div class=\"fl-col fl-node-5bcf25173d127 fl-col-small\" data-node=\"5bcf25173d127\">\n\t<div class=\"fl-col-content fl-node-content\">\n\t<div class=\"fl-module fl-module-rich-text fl-node-5bcf25173d2de\" data-node=\"5bcf25173d2de\">\n\t<div class=\"fl-module-content fl-node-content\">\n\t\t<div class=\"fl-rich-text\">\n\t<h2>Un besoin<br \/>\n<strong class=\"r\">une question ?<\/strong><\/h2>\n<\/div>\n\t<\/div>\n<\/div>\n<div class=\"fl-module fl-module-rich-text fl-node-5bcf25173d314 nocut\" data-node=\"5bcf25173d314\">\n\t<div class=\"fl-module-content fl-node-content\">\n\t\t<div class=\"fl-rich-text\">\n\t<p>Contactez notre \u00e9quipe et prenez rendez-vous d\u00e8s maintenant pour un entretien personnalis\u00e9 avec l'un de nos conseillers.<\/p>\n<\/div>\n\t<\/div>\n<\/div>\n<div class=\"fl-module fl-module-rich-text fl-node-5bcf25173d34b\" data-node=\"5bcf25173d34b\">\n\t<div class=\"fl-module-content fl-node-content\">\n\t\t<div class=\"fl-rich-text\">\n\t<p><a id=\"question_call\" class=\"vamtam-button accent6 hover-accent1 button-solid icon-animation-disable\" role=\"button\" href=\"tel:+41244260122\" target=\"_blank\" rel=\"noopener\"><span class=\"vamtam-button-text\"><i class=\"vamtam-button-icon vamtam-button-icon-before fa far fa-phone\"><\/i>+41 24 426 01 22<\/span> <\/a> <a id=\"question_contact\" class=\"vamtam-button accent1 hover-accent6 button-solid icon-animation-disable\" role=\"button\" href=\"#contact\" target=\"_self\"><span class=\"vamtam-button-text\"><i class=\"vamtam-button-icon vamtam-button-icon-before far fa-envelope\"><\/i>Prenez-contact<\/span><\/a><\/p>\n<\/div>\n\t<\/div>\n<\/div>\n\t<\/div>\n<\/div>\n\t\t\t<div class=\"fl-col fl-node-5bcf25173d0f0 fl-col-small fl-col-has-cols\" data-node=\"5bcf25173d0f0\">\n\t<div class=\"fl-col-content fl-node-content\">\n\t\n<div class=\"fl-col-group fl-node-5bcf25173d192 fl-col-group-nested fl-col-group-custom-width\" data-node=\"5bcf25173d192\">\n\t\t\t<div class=\"fl-col fl-node-5bcf25173d270\" data-node=\"5bcf25173d270\">\n\t<div class=\"fl-col-content fl-node-content\">\n\t<div id=\"newsletter\" class=\"fl-module fl-module-rich-text fl-node-5bcf25173d2a8\" data-node=\"5bcf25173d2a8\">\n\t<div class=\"fl-module-content fl-node-content\">\n\t\t<div class=\"fl-rich-text\">\n\t<h3>Restez inform\u00e9 !<\/h3>\n<\/div>\n\t<\/div>\n<\/div>\n\t<\/div>\n<\/div>\n\t<\/div>\n\n<div class=\"fl-col-group fl-node-5bcf25173d15d fl-col-group-nested\" data-node=\"5bcf25173d15d\">\n\t\t\t<div class=\"fl-col fl-node-5bcf25173d1ca\" data-node=\"5bcf25173d1ca\">\n\t<div class=\"fl-col-content fl-node-content\">\n\t<div id=\"entete_form_news\" class=\"fl-module fl-module-rich-text fl-node-5bcf25173d201\" data-node=\"5bcf25173d201\">\n\t<div class=\"fl-module-content fl-node-content\">\n\t\t<div class=\"fl-rich-text\">\n\t<p style=\"text-align: left;\">Souscrivez \u00e0 notre newsletter<br \/>\net restez inform\u00e9 sur toutes nos nouveaut\u00e9s.<\/p>\n<\/div>\n\t<\/div>\n<\/div>\n<div class=\"fl-module fl-module-rich-text fl-node-5bcf25173d238\" data-node=\"5bcf25173d238\">\n\t<div class=\"fl-module-content fl-node-content\">\n\t\t<div class=\"fl-rich-text\">\n\t<p><div role=\"form\" class=\"wpcf7\" id=\"wpcf7-f16722-o1\" lang=\"fr-FR\" dir=\"ltr\">\n<div class=\"screen-reader-response\"><p role=\"status\" aria-live=\"polite\" aria-atomic=\"true\"><\/p> <ul><\/ul><\/div>\n<form action=\"\/fr\/wp-json\/wp\/v2\/pages\/17933#wpcf7-f16722-o1\" method=\"post\" class=\"wpcf7-form init\" novalidate=\"novalidate\" data-status=\"init\">\n<div style=\"display: none;\">\n<input type=\"hidden\" name=\"_wpcf7\" value=\"16722\" \/>\n<input type=\"hidden\" name=\"_wpcf7_version\" value=\"5.4.2\" \/>\n<input type=\"hidden\" name=\"_wpcf7_locale\" value=\"fr_FR\" \/>\n<input type=\"hidden\" name=\"_wpcf7_unit_tag\" value=\"wpcf7-f16722-o1\" \/>\n<input type=\"hidden\" name=\"_wpcf7_container_post\" value=\"0\" \/>\n<input type=\"hidden\" name=\"_wpcf7_posted_data_hash\" value=\"\" \/>\n<input type=\"hidden\" name=\"_wpcf7_recaptcha_response\" value=\"\" \/>\n<\/div>\n<p><a id=\"newsletter\"><\/a><\/p>\n<div id=\"formulaire-responsive\" class=\"clearfix\">\n<div class=\"rang-form\">\n<div class=\"demi-colonne\"><span class=\"wpcf7-form-control-wrap radio-552\"><span class=\"wpcf7-form-control wpcf7-radio option-input radio\"><span class=\"wpcf7-list-item first last\"><input type=\"radio\" name=\"radio-552\" value=\"Professionnel\" checked=\"checked\" \/><span class=\"wpcf7-list-item-label\">Professionnel<\/span><\/span><\/span><\/span><\/div>\n<div class=\"demi-colonne\"><span class=\"wpcf7-form-control-wrap radio-552\"><span class=\"wpcf7-form-control wpcf7-radio option-input radio\"><span class=\"wpcf7-list-item first last\"><input type=\"radio\" name=\"radio-552\" value=\"Particulier\" checked=\"checked\" \/><span class=\"wpcf7-list-item-label\">Particulier<\/span><\/span><\/span><\/span><\/div>\n<\/div>\n<div class=\"rang-form\">\n<div class=\"demi-colonne\"><span class=\"wpcf7-form-control-wrap first-name\"><input type=\"text\" name=\"first-name\" value=\"\" size=\"40\" class=\"wpcf7-form-control wpcf7-text wpcf7-validates-as-required\" aria-required=\"true\" aria-invalid=\"false\" placeholder=\"Votre nom\" \/><\/span><\/div>\n<div class=\"demi-colonne\"><span class=\"wpcf7-form-control-wrap your-email\"><input type=\"email\" name=\"your-email\" value=\"\" size=\"40\" class=\"wpcf7-form-control wpcf7-text wpcf7-email wpcf7-validates-as-required wpcf7-validates-as-email\" aria-required=\"true\" aria-invalid=\"false\" placeholder=\"Votre e-mail\" \/><\/span><\/div>\n<\/div>\n<div class=\"rang-form\">\n<div class=\"colonne\">\n<span class=\"wpcf7-form-control-wrap newsletter\"><span class=\"wpcf7-form-control wpcf7-acceptance\"><span class=\"wpcf7-list-item\"><label><input type=\"checkbox\" name=\"newsletter\" value=\"1\" aria-invalid=\"false\" \/><span class=\"wpcf7-list-item-label\">J\u2019autorise la soci\u00e9t\u00e9 Nickal \u00e0 me faire parvenir les nouveaut\u00e9s et offres du moment. <a href=\"\/nlpd\" title=\"nlpd\">En savoir plus<\/a><\/span><\/label><\/span><\/span><\/span><br \/>\n<input type=\"submit\" value=\"Je m&#039;inscris\" class=\"wpcf7-form-control wpcf7-submit\" \/><\/div>\n<\/div>\n<\/div>\n<input type='hidden' class='wpcf7-pum' value='{\"closepopup\":false,\"closedelay\":0,\"openpopup\":false,\"openpopup_id\":0}' \/><div class=\"wpcf7-response-output\" aria-hidden=\"true\"><\/div><\/form><\/div><\/p>\n<\/div>\n\t<\/div>\n<\/div>\n\t<\/div>\n<\/div>\n\t<\/div>\n\t<\/div>\n<\/div>\n\t<\/div>\n\t\t<\/div>\n\t<\/div>\n<\/div>\n<\/div>\n","protected":false},"excerpt":{"rendered":"<p>Plan du site Accueil Ferrements Zamak Poign\u00e9es de portes Entr\u00e9es de portes Entr\u00e9es avec boutons Olives et boutons de meubles Rosaces rondes \u00e0 visser Inox Poign\u00e9es de portes Entr\u00e9es de portes Entr\u00e9es avec boutons Olives et boutons de meubles Cocktail&#8230;<\/p>\n","protected":false},"author":1,"featured_media":0,"parent":0,"menu_order":0,"comment_status":"closed","ping_status":"closed","template":"","meta":[],"jetpack_sharing_enabled":true,"_links":{"self":[{"href":"https:\/\/www.nickal.ch\/fr\/wp-json\/wp\/v2\/pages\/17933"}],"collection":[{"href":"https:\/\/www.nickal.ch\/fr\/wp-json\/wp\/v2\/pages"}],"about":[{"href":"https:\/\/www.nickal.ch\/fr\/wp-json\/wp\/v2\/types\/page"}],"author":[{"embeddable":true,"href":"https:\/\/www.nickal.ch\/fr\/wp-json\/wp\/v2\/users\/1"}],"replies":[{"embeddable":true,"href":"https:\/\/www.nickal.ch\/fr\/wp-json\/wp\/v2\/comments?post=17933"}],"version-history":[{"count":0,"href":"https:\/\/www.nickal.ch\/fr\/wp-json\/wp\/v2\/pages\/17933\/revisions"}],"wp:attachment":[{"href":"https:\/\/www.nickal.ch\/fr\/wp-json\/wp\/v2\/media?parent=17933"}],"curies":[{"name":"wp","href":"https:\/\/api.w.org\/{rel}","templated":true}]}}