{"id":17042,"date":"2018-11-22T15:10:35","date_gmt":"2018-11-22T14:10:35","guid":{"rendered":"http:\/\/staging06.coommunication.com\/?page_id=17042"},"modified":"2018-12-13T12:18:02","modified_gmt":"2018-12-13T11:18:02","slug":"inox-poignees-de-fenetres","status":"publish","type":"page","link":"https:\/\/www.nickal.ch\/fr\/inox-poignees-de-fenetres\/","title":{"rendered":"INOX &#8211; Poign\u00e9es de fen\u00eatres"},"content":{"rendered":"<h1>Poign\u00e9es de <strong>fen\u00eatres<\/strong><\/h1>\n<h5>Notre<br \/>\n<strong>Catalogue<\/strong><\/h5>\n<p>Retrouvez tous les produits de notre assortiement dans notre catalogue PDF.<\/p>\n<p>\t<a href=\"\/wp-content\/uploads\/2018\/11\/Catalogue2017site.pdf\" target=\"_blank\" role=\"button\"><br \/>\n\t\t\t\t\tT\u00e9l\u00e9charger le catalogue<br \/>\n\t<\/a><br \/>\n\t\t\t\t<img loading=\"lazy\" src=\"http:\/\/www.nickal.ch\/wp-content\/uploads\/2018\/11\/art-1852-BF-SBF-1.jpg\" alt=\"art-1852-BF-SBF-1\" itemprop=\"image\" height=\"362\" width=\"183\" title=\"art-1852-BF-SBF-1\"  \/><br \/>\n\t\t\t\t<img loading=\"lazy\" src=\"http:\/\/www.nickal.ch\/wp-content\/uploads\/2018\/11\/art-1852-BF-SBF-2.jpg\" alt=\"art-1852-BF-SBF-2\" itemprop=\"image\" height=\"215\" width=\"170\" title=\"art-1852-BF-SBF-2\"  \/><br \/>\n\t\t\t\t<img loading=\"lazy\" src=\"http:\/\/www.nickal.ch\/wp-content\/uploads\/2018\/12\/4700-1.jpg\" alt=\"4700\" itemprop=\"image\" height=\"251\" width=\"170\" title=\"4700\"  \/><\/p>\n<p>Art. 1852 BF \/ 4700<\/p>\n<h2>Poign\u00e9e de fen\u00eatre en Inox<\/h2>\n<p>Poign\u00e9e de fen\u00eatre, version BF (base plastique, m\u00e9canisme \u00e0 billes ou version \u00ab\u00a04700\u00a0\u00bb avec m\u00e9canisme \u00e0 ressorts<br \/>\n<!--\n\n\n<ul id=\"checke\">\n\n\n<li>\u00a0Norme suisse<\/li>\n\n\n\n\n<li>\u00a0Avec perforation pour serrure \u00e0 garnitures<\/li>\n\n\n\n\n<li>\u00a0Garniture longue, poign\u00e9e en onglet (CL)<\/li>\n\n\n\n\n<li>\u00a0Pour portes d\u2019une \u00e9paisseur de 35 \u00e0 45 mm<\/li>\n\n\n<\/ul>\n\n\n--><\/p>\n<p>\t\t\t\t<img loading=\"lazy\" src=\"http:\/\/www.nickal.ch\/wp-content\/uploads\/2018\/11\/art-1852-BF-SBF-1.jpg\" alt=\"art-1852-BF-SBF-1\" itemprop=\"image\" height=\"362\" width=\"183\" title=\"art-1852-BF-SBF-1\"  \/><br \/>\n\t\t\t\t<img loading=\"lazy\" src=\"http:\/\/www.nickal.ch\/wp-content\/uploads\/2018\/11\/art-1852-BF-SBF-2.jpg\" alt=\"art-1852-BF-SBF-2\" itemprop=\"image\" height=\"215\" width=\"170\" title=\"art-1852-BF-SBF-2\"  \/><br \/>\n\t\t\t\t<img loading=\"lazy\" src=\"http:\/\/www.nickal.ch\/wp-content\/uploads\/2018\/12\/4700-1.jpg\" alt=\"4700\" itemprop=\"image\" height=\"251\" width=\"170\" title=\"4700\"  \/><\/p>\n<h3>D\u00e9tails <strong>du produit<\/strong><\/h3>\n<p>\t\t\tDescription du produit<\/p>\n<p>La poign\u00e9e de fen\u00eatre en inox 1852 mesure 18 mm de diam\u00e8tre et s\u2019adapte aux fen\u00eatres en PVC ou en bois. Disponible en version BF avec base plastique et m\u00e9canisme \u00e0 bille ou version SBF avec base m\u00e9tal et m\u00e9canisme \u00e0 lamelles.<\/p>\n<p>\t\t\tSp\u00e9cification du produit<\/p>\n<p>A partir de 26.70 CHF, la poign\u00e9e de fen\u00eatre en inox est dot\u00e9 d\u2019une tige 7&#215;35 mm ou 7&#215;38 mm. Traitement en inox bross\u00e9.<\/p>\n<div id=\"tablepress-15-scroll-wrapper\" class=\"tablepress-scroll-wrapper\">\n\n<table id=\"tablepress-15\" class=\"tablepress tablepress-id-15 tablepress-responsive\">\n<thead>\n<tr class=\"row-1 odd\">\n\t<th class=\"column-1\">R\u00e9f. Article<br \/>\nArtikel-Nr.<\/th><th class=\"column-2\">Unit\u00e9<br \/>\nEinheit<\/th><th class=\"column-3\">Tige<br \/>\nStift<\/th><th class=\"column-4\">Traitement<br \/>\nAusf\u00fchrung<\/th><th class=\"column-5\"><img src=\"http:\/\/www.nickal.ch\/wp-content\/uploads\/2018\/11\/box.jpg\" alt=\"\" width=\"71\" height=\"63\" class=\"alignleft size-full wp-image-16929\" \/><\/th><th class=\"column-6\">Prix brut 1<br \/>\nBrutto Preis 1<\/th><th class=\"column-7\">Prix brut 2<br \/>\nBrutto Preis 2<\/th>\n<\/tr>\n<\/thead>\n<tbody class=\"row-hover\">\n<tr class=\"row-2 even\">\n\t<td class=\"column-1\"><strong>1852.08BF35<\/strong><\/td><td class=\"column-2\">PI\/ST<\/td><td class=\"column-3\">7 x 35 mm<\/td><td class=\"column-4\">bross\u00e9<br \/>\ngeb\u00fcrstet<\/td><td class=\"column-5\">10<\/td><td class=\"column-6\"><strong>CHF 26.70<\/strong><\/td><td class=\"column-7\"><strong>CHF 32.05<\/strong><\/td>\n<\/tr>\n<tr class=\"row-3 odd\">\n\t<td class=\"column-1\"><strong>1852.08BF38<\/strong><\/td><td class=\"column-2\">PI\/ST<\/td><td class=\"column-3\">7 x 38 mm<\/td><td class=\"column-4\">bross\u00e9<br \/>\ngeb\u00fcrstet<\/td><td class=\"column-5\">10<\/td><td class=\"column-6\"><strong>CHF 26.70<\/strong><\/td><td class=\"column-7\"><strong>CHF 32.05<\/strong><\/td>\n<\/tr>\n<tr class=\"row-4 even\">\n\t<td class=\"column-1\"><strong>1852.08\/SBF\/35<\/strong><\/td><td class=\"column-2\">PI\/ST<\/td><td class=\"column-3\">7 x 35 mm<\/td><td class=\"column-4\">bross\u00e9<br \/>\ngeb\u00fcrstet<\/td><td class=\"column-5\">10<\/td><td class=\"column-6\"><strong>CHF 43.70<\/strong><\/td><td class=\"column-7\"><strong>CHF 52.45<\/strong><\/td>\n<\/tr>\n<tr class=\"row-5 odd\">\n\t<td class=\"column-1\"><strong>1852.08\/SBF\/38<\/strong><\/td><td class=\"column-2\">PI\/ST<\/td><td class=\"column-3\">7 x 38 mm<\/td><td class=\"column-4\">bross\u00e9<br \/>\ngeb\u00fcrstet<\/td><td class=\"column-5\">10<\/td><td class=\"column-6\"><strong>CHF 43.70<\/strong><\/td><td class=\"column-7\"><strong>CHF 52.45<\/strong><\/td>\n<\/tr>\n<tr class=\"row-6 even\">\n\t<td class=\"column-1\"><strong>1852\/4700\/35<\/strong><\/td><td class=\"column-2\">PI\/ST<\/td><td class=\"column-3\">7 x 35 mm<\/td><td class=\"column-4\">bross\u00e9<br \/>\ngeb\u00fcrstet<\/td><td class=\"column-5\">10<\/td><td class=\"column-6\"><strong>CHF 32.15<\/strong><\/td><td class=\"column-7\"><strong>CHF 38.60<\/strong><\/td>\n<\/tr>\n<tr class=\"row-7 odd\">\n\t<td class=\"column-1\"><strong>1852\/4700\/38<\/strong><\/td><td class=\"column-2\">PI\/ST<\/td><td class=\"column-3\">7 x 38 mm<\/td><td class=\"column-4\">bross\u00e9<br \/>\ngeb\u00fcrstet<\/td><td class=\"column-5\">10<\/td><td class=\"column-6\"><strong>CHF 32.15<\/strong><\/td><td class=\"column-7\"><strong>CHF 38.60<\/strong><\/td>\n<\/tr>\n<\/tbody>\n<\/table>\n\n<\/div>\n<p><img loading=\"lazy\" src=\"\/wp-content\/uploads\/2018\/11\/box.jpg\" alt=\"\" width=\"71\" height=\"63\" \/> <strong>Attention !<br \/>\nEmballage ouvert = prix 2<\/strong><\/p>\n<p><img loading=\"lazy\" src=\"http:\/\/www.nickal.ch\/wp-content\/uploads\/2018\/11\/info.jpg\" alt=\"\" width=\"71\" height=\"71\" \/><strong>Autres longueurs de tige sur demande<\/strong><\/p>\n<div class=\"fl-builder-content fl-builder-content-16798 fl-builder-template fl-builder-row-template fl-builder-global-templates-locked\" data-post-id=\"16798\"><div class=\"fl-row fl-row-full-width fl-row-bg-color fl-node-5bcf25173d381\" data-node=\"5bcf25173d381\">\n\t<div class=\"fl-row-content-wrap\">\n\t\t\t\t\t\t<div class=\"fl-row-content fl-row-fixed-width fl-node-content\">\n\t\t\n<div class=\"fl-col-group fl-node-5bcf25173d0b6 fl-col-group-custom-width\" data-node=\"5bcf25173d0b6\">\n\t\t\t<div class=\"fl-col fl-node-5bcf25173d127 fl-col-small\" data-node=\"5bcf25173d127\">\n\t<div class=\"fl-col-content fl-node-content\">\n\t<div class=\"fl-module fl-module-rich-text fl-node-5bcf25173d2de\" data-node=\"5bcf25173d2de\">\n\t<div class=\"fl-module-content fl-node-content\">\n\t\t<div class=\"fl-rich-text\">\n\t<h2>Un besoin<br \/>\n<strong class=\"r\">une question ?<\/strong><\/h2>\n<\/div>\n\t<\/div>\n<\/div>\n<div class=\"fl-module fl-module-rich-text fl-node-5bcf25173d314 nocut\" data-node=\"5bcf25173d314\">\n\t<div class=\"fl-module-content fl-node-content\">\n\t\t<div class=\"fl-rich-text\">\n\t<p>Contactez notre \u00e9quipe et prenez rendez-vous d\u00e8s maintenant pour un entretien personnalis\u00e9 avec l'un de nos conseillers.<\/p>\n<\/div>\n\t<\/div>\n<\/div>\n<div class=\"fl-module fl-module-rich-text fl-node-5bcf25173d34b\" data-node=\"5bcf25173d34b\">\n\t<div class=\"fl-module-content fl-node-content\">\n\t\t<div class=\"fl-rich-text\">\n\t<p><a id=\"question_call\" class=\"vamtam-button accent6 hover-accent1 button-solid icon-animation-disable\" role=\"button\" href=\"tel:+41244260122\" target=\"_blank\" rel=\"noopener\"><span class=\"vamtam-button-text\"><i class=\"vamtam-button-icon vamtam-button-icon-before fa far fa-phone\"><\/i>+41 24 426 01 22<\/span> <\/a> <a id=\"question_contact\" class=\"vamtam-button accent1 hover-accent6 button-solid icon-animation-disable\" role=\"button\" href=\"#contact\" target=\"_self\"><span class=\"vamtam-button-text\"><i class=\"vamtam-button-icon vamtam-button-icon-before far fa-envelope\"><\/i>Prenez-contact<\/span><\/a><\/p>\n<\/div>\n\t<\/div>\n<\/div>\n\t<\/div>\n<\/div>\n\t\t\t<div class=\"fl-col fl-node-5bcf25173d0f0 fl-col-small fl-col-has-cols\" data-node=\"5bcf25173d0f0\">\n\t<div class=\"fl-col-content fl-node-content\">\n\t\n<div class=\"fl-col-group fl-node-5bcf25173d192 fl-col-group-nested fl-col-group-custom-width\" data-node=\"5bcf25173d192\">\n\t\t\t<div class=\"fl-col fl-node-5bcf25173d270\" data-node=\"5bcf25173d270\">\n\t<div class=\"fl-col-content fl-node-content\">\n\t<div id=\"newsletter\" class=\"fl-module fl-module-rich-text fl-node-5bcf25173d2a8\" data-node=\"5bcf25173d2a8\">\n\t<div class=\"fl-module-content fl-node-content\">\n\t\t<div class=\"fl-rich-text\">\n\t<h3>Restez inform\u00e9 !<\/h3>\n<\/div>\n\t<\/div>\n<\/div>\n\t<\/div>\n<\/div>\n\t<\/div>\n\n<div class=\"fl-col-group fl-node-5bcf25173d15d fl-col-group-nested\" data-node=\"5bcf25173d15d\">\n\t\t\t<div class=\"fl-col fl-node-5bcf25173d1ca\" data-node=\"5bcf25173d1ca\">\n\t<div class=\"fl-col-content fl-node-content\">\n\t<div id=\"entete_form_news\" class=\"fl-module fl-module-rich-text fl-node-5bcf25173d201\" data-node=\"5bcf25173d201\">\n\t<div class=\"fl-module-content fl-node-content\">\n\t\t<div class=\"fl-rich-text\">\n\t<p style=\"text-align: left;\">Souscrivez \u00e0 notre newsletter<br \/>\net restez inform\u00e9 sur toutes nos nouveaut\u00e9s.<\/p>\n<\/div>\n\t<\/div>\n<\/div>\n<div class=\"fl-module fl-module-rich-text fl-node-5bcf25173d238\" data-node=\"5bcf25173d238\">\n\t<div class=\"fl-module-content fl-node-content\">\n\t\t<div class=\"fl-rich-text\">\n\t<p><div role=\"form\" class=\"wpcf7\" id=\"wpcf7-f16722-o1\" lang=\"fr-FR\" dir=\"ltr\">\n<div class=\"screen-reader-response\"><p role=\"status\" aria-live=\"polite\" aria-atomic=\"true\"><\/p> <ul><\/ul><\/div>\n<form action=\"\/fr\/wp-json\/wp\/v2\/pages\/17042#wpcf7-f16722-o1\" method=\"post\" class=\"wpcf7-form init\" novalidate=\"novalidate\" data-status=\"init\">\n<div style=\"display: none;\">\n<input type=\"hidden\" name=\"_wpcf7\" value=\"16722\" \/>\n<input type=\"hidden\" name=\"_wpcf7_version\" value=\"5.4.2\" \/>\n<input type=\"hidden\" name=\"_wpcf7_locale\" value=\"fr_FR\" \/>\n<input type=\"hidden\" name=\"_wpcf7_unit_tag\" value=\"wpcf7-f16722-o1\" \/>\n<input type=\"hidden\" name=\"_wpcf7_container_post\" value=\"0\" \/>\n<input type=\"hidden\" name=\"_wpcf7_posted_data_hash\" value=\"\" \/>\n<input type=\"hidden\" name=\"_wpcf7_recaptcha_response\" value=\"\" \/>\n<\/div>\n<p><a id=\"newsletter\"><\/a><\/p>\n<div id=\"formulaire-responsive\" class=\"clearfix\">\n<div class=\"rang-form\">\n<div class=\"demi-colonne\"><span class=\"wpcf7-form-control-wrap radio-552\"><span class=\"wpcf7-form-control wpcf7-radio option-input radio\"><span class=\"wpcf7-list-item first last\"><input type=\"radio\" name=\"radio-552\" value=\"Professionnel\" checked=\"checked\" \/><span class=\"wpcf7-list-item-label\">Professionnel<\/span><\/span><\/span><\/span><\/div>\n<div class=\"demi-colonne\"><span class=\"wpcf7-form-control-wrap radio-552\"><span class=\"wpcf7-form-control wpcf7-radio option-input radio\"><span class=\"wpcf7-list-item first last\"><input type=\"radio\" name=\"radio-552\" value=\"Particulier\" checked=\"checked\" \/><span class=\"wpcf7-list-item-label\">Particulier<\/span><\/span><\/span><\/span><\/div>\n<\/div>\n<div class=\"rang-form\">\n<div class=\"demi-colonne\"><span class=\"wpcf7-form-control-wrap first-name\"><input type=\"text\" name=\"first-name\" value=\"\" size=\"40\" class=\"wpcf7-form-control wpcf7-text wpcf7-validates-as-required\" aria-required=\"true\" aria-invalid=\"false\" placeholder=\"Votre nom\" \/><\/span><\/div>\n<div class=\"demi-colonne\"><span class=\"wpcf7-form-control-wrap your-email\"><input type=\"email\" name=\"your-email\" value=\"\" size=\"40\" class=\"wpcf7-form-control wpcf7-text wpcf7-email wpcf7-validates-as-required wpcf7-validates-as-email\" aria-required=\"true\" aria-invalid=\"false\" placeholder=\"Votre e-mail\" \/><\/span><\/div>\n<\/div>\n<div class=\"rang-form\">\n<div class=\"colonne\">\n<span class=\"wpcf7-form-control-wrap newsletter\"><span class=\"wpcf7-form-control wpcf7-acceptance\"><span class=\"wpcf7-list-item\"><label><input type=\"checkbox\" name=\"newsletter\" value=\"1\" aria-invalid=\"false\" \/><span class=\"wpcf7-list-item-label\">J\u2019autorise la soci\u00e9t\u00e9 Nickal \u00e0 me faire parvenir les nouveaut\u00e9s et offres du moment. <a href=\"\/nlpd\" title=\"nlpd\">En savoir plus<\/a><\/span><\/label><\/span><\/span><\/span><br \/>\n<input type=\"submit\" value=\"Je m&#039;inscris\" class=\"wpcf7-form-control wpcf7-submit\" \/><\/div>\n<\/div>\n<\/div>\n<input type='hidden' class='wpcf7-pum' value='{\"closepopup\":false,\"closedelay\":0,\"openpopup\":false,\"openpopup_id\":0}' \/><div class=\"wpcf7-response-output\" aria-hidden=\"true\"><\/div><\/form><\/div><\/p>\n<\/div>\n\t<\/div>\n<\/div>\n\t<\/div>\n<\/div>\n\t<\/div>\n\t<\/div>\n<\/div>\n\t<\/div>\n\t\t<\/div>\n\t<\/div>\n<\/div>\n<\/div>\n","protected":false},"excerpt":{"rendered":"<p>Poign\u00e9es de fen\u00eatres Notre Catalogue Retrouvez tous les produits de notre assortiement dans notre catalogue PDF. T\u00e9l\u00e9charger le catalogue Art. 1852 BF \/ 4700 Poign\u00e9e de fen\u00eatre en Inox Poign\u00e9e de fen\u00eatre, version BF (base plastique, m\u00e9canisme \u00e0 billes ou&#8230;<\/p>\n","protected":false},"author":1,"featured_media":0,"parent":0,"menu_order":0,"comment_status":"closed","ping_status":"closed","template":"","meta":[],"jetpack_sharing_enabled":true,"_links":{"self":[{"href":"https:\/\/www.nickal.ch\/fr\/wp-json\/wp\/v2\/pages\/17042"}],"collection":[{"href":"https:\/\/www.nickal.ch\/fr\/wp-json\/wp\/v2\/pages"}],"about":[{"href":"https:\/\/www.nickal.ch\/fr\/wp-json\/wp\/v2\/types\/page"}],"author":[{"embeddable":true,"href":"https:\/\/www.nickal.ch\/fr\/wp-json\/wp\/v2\/users\/1"}],"replies":[{"embeddable":true,"href":"https:\/\/www.nickal.ch\/fr\/wp-json\/wp\/v2\/comments?post=17042"}],"version-history":[{"count":0,"href":"https:\/\/www.nickal.ch\/fr\/wp-json\/wp\/v2\/pages\/17042\/revisions"}],"wp:attachment":[{"href":"https:\/\/www.nickal.ch\/fr\/wp-json\/wp\/v2\/media?parent=17042"}],"curies":[{"name":"wp","href":"https:\/\/api.w.org\/{rel}","templated":true}]}}