{"id":17030,"date":"2018-11-22T15:02:02","date_gmt":"2018-11-22T14:02:02","guid":{"rendered":"http:\/\/staging06.coommunication.com\/?page_id=17030"},"modified":"2022-03-29T10:28:00","modified_gmt":"2022-03-29T08:28:00","slug":"inox-entrees-de-portes","status":"publish","type":"page","link":"https:\/\/www.nickal.ch\/fr\/inox-entrees-de-portes\/","title":{"rendered":"INOX &#8211; Entr\u00e9es de portes"},"content":{"rendered":"\n\n\t\n<h5>Notre<br \/>\n<strong>Catalogue<\/strong><\/h5>\n<p>Retrouvez tous les produits de notre assortiement dans notre catalogue PDF.<\/p>\n<a href=\"#\" id=\"catalogue_pdf_page\">T\u00e9l\u00e9charger le catalogue<\/a>\n\t\t\t\t<img loading=\"lazy\" src=\"https:\/\/www.nickal.ch\/wp-content\/uploads\/2018\/12\/entree_longue.jpg\" alt=\"Nickal - Entr\u00e9es longues - Langschilder\" itemprop=\"image\" height=\"2418\" width=\"396\" title=\"Nickal - Entr\u00e9es longues - Langschilder\" onerror=\"this.style.display='none'\"  \/>\n\t\t\t\t<img loading=\"lazy\" src=\"https:\/\/www.nickal.ch\/wp-content\/uploads\/2018\/12\/entree_longue_schema.jpg\" alt=\"Nickal - Entr\u00e9es longues - Langschilder\" itemprop=\"image\" height=\"1400\" width=\"1179\" title=\"Nickal - Entr\u00e9es longues - Langschilder\" onerror=\"this.style.display='none'\"  \/>\n\t<p>Art. 6240<\/p>\n<h1>Entr\u00e9e de porte longue en Inox<\/h1>\nEntr\u00e9e longue, 235x40x2 mm<br \/>\n<!--\n<ul id=\"checke\">\n<li>\u00a0Norme suisse<\/li>\n<li>\u00a0Avec perforation pour serrure \u00e0 garnitures<\/li>\n<li>\u00a0Garniture longue, poign\u00e9e en onglet (CL)<\/li>\n<li>\u00a0Pour portes d'une \u00e9paisseur de 35 \u00e0 45 mm<\/li>\n<\/ul>\n-->\n\t\t\t\t<img loading=\"lazy\" src=\"https:\/\/www.nickal.ch\/wp-content\/uploads\/2018\/12\/entree_longue.jpg\" alt=\"Nickal - Entr\u00e9es longues - Langschilder\" itemprop=\"image\" height=\"2418\" width=\"396\" title=\"Nickal - Entr\u00e9es longues - Langschilder\" onerror=\"this.style.display='none'\"  \/>\n\t\t\t\t<img loading=\"lazy\" src=\"https:\/\/www.nickal.ch\/wp-content\/uploads\/2018\/12\/entree_longue_schema.jpg\" alt=\"Nickal - Entr\u00e9es longues - Langschilder\" itemprop=\"image\" height=\"1400\" width=\"1179\" title=\"Nickal - Entr\u00e9es longues - Langschilder\" onerror=\"this.style.display='none'\"  \/>\n\t<h3>D\u00e9tails <strong>du produit<\/strong><\/h3>\n\t\t\tDescription du produit\n\t\t<p>L&rsquo;entr\u00e9e de porte longue en inox 6240\/6540 est disponible en plusieurs d\u00e9coupes et cols. Avec son design arrondi, elle s&rsquo;adapte \u00e0 tout type de porte, de serrure et de poign\u00e9e. R\u00e9alis\u00e9e en inox bross\u00e9 pour une qualit\u00e9 et une robustesse \u00e0 toute \u00e9preuve, elle se d\u00e9cline en 72, 74, 78, 92 et 94 mm, avec un col de 16 ou 18 mm.<\/p>\n\t\t\tSp\u00e9cification du produit\n\t\t<p>A partir de 16.65 CHF, l&rsquo;entr\u00e9e de porte longue en inox 6240\/6540 mesure 235x40x2 mm. Id\u00e9ale pour toute construction immobili\u00e8re.<\/p>\n\t<div id=\"tablepress-14-scroll-wrapper\" class=\"tablepress-scroll-wrapper\">\n\n<table id=\"tablepress-14\" class=\"tablepress tablepress-id-14 tablepress-responsive\">\n<thead>\n<tr class=\"row-1 odd\">\n\t<th class=\"column-1\">R\u00e9f. Article<br \/>\nArtikel-Nr.<\/th><th class=\"column-2\">Col<br \/>\nF\u00fchrung<\/th><th class=\"column-3\">Unit\u00e9<br \/>\nEinheit<\/th><th class=\"column-4\">D\u00e9coupe<br \/>\nLochung<\/th><th class=\"column-5\">Distance<br \/>\nDistanz<\/th><th class=\"column-6\">Traitement<br \/>\nAusf\u00fchrung<\/th><th class=\"column-7\"><img src=\"http:\/\/www.nickal.ch\/wp-content\/uploads\/2018\/11\/box.jpg\" alt=\"\" width=\"71\" height=\"63\" class=\"alignleft size-full wp-image-16929\" \/><\/th>\n<\/tr>\n<\/thead>\n<tbody class=\"row-hover\">\n<tr class=\"row-2 even\">\n\t<td class=\"column-1\"><strong>6240.08<\/strong><\/td><td class=\"column-2\">16 mm<\/td><td class=\"column-3\">PA<\/td><td class=\"column-4\">ST\/UG<\/td><td class=\"column-5\">-<\/td><td class=\"column-6\">bross\u00e9<br \/>\ngeb\u00fcrstet<\/td><td class=\"column-7\">10<\/td>\n<\/tr>\n<tr class=\"row-3 odd\">\n\t<td class=\"column-1\"><strong>6241.08<\/strong><\/td><td class=\"column-2\">16 mm<\/td><td class=\"column-3\">PA<\/td><td class=\"column-4\">BB<\/td><td class=\"column-5\">78 mm<\/td><td class=\"column-6\">bross\u00e9<br \/>\ngeb\u00fcrstet<\/td><td class=\"column-7\">10<\/td>\n<\/tr>\n<tr class=\"row-4 even\">\n\t<td class=\"column-1\"><strong>6241.0872<\/strong><\/td><td class=\"column-2\">16 mm<\/td><td class=\"column-3\">PA<\/td><td class=\"column-4\">BB<\/td><td class=\"column-5\">72 mm<\/td><td class=\"column-6\">bross\u00e9<br \/>\ngeb\u00fcrstet<\/td><td class=\"column-7\">10<\/td>\n<\/tr>\n<tr class=\"row-5 odd\">\n\t<td class=\"column-1\"><strong>6242.08<\/strong><\/td><td class=\"column-2\">16 mm<\/td><td class=\"column-3\">PA<\/td><td class=\"column-4\">RZ<\/td><td class=\"column-5\">78 mm<\/td><td class=\"column-6\">bross\u00e9<br \/>\ngeb\u00fcrstet<\/td><td class=\"column-7\">10<\/td>\n<\/tr>\n<tr class=\"row-6 even\">\n\t<td class=\"column-1\"><strong>6242.0874<\/strong><\/td><td class=\"column-2\">16 mm<\/td><td class=\"column-3\">PA<\/td><td class=\"column-4\">RZ<\/td><td class=\"column-5\">74 mm<\/td><td class=\"column-6\">bross\u00e9<br \/>\ngeb\u00fcrstet<\/td><td class=\"column-7\">10<\/td>\n<\/tr>\n<tr class=\"row-7 odd\">\n\t<td class=\"column-1\"><strong>6242.0894<\/strong><\/td><td class=\"column-2\">16 mm<\/td><td class=\"column-3\">PA<\/td><td class=\"column-4\">RZ<\/td><td class=\"column-5\">94 mm<\/td><td class=\"column-6\">bross\u00e9<br \/>\ngeb\u00fcrstet<\/td><td class=\"column-7\">10<\/td>\n<\/tr>\n<tr class=\"row-8 even\">\n\t<td class=\"column-1\"><strong>6243.08<\/strong><\/td><td class=\"column-2\">16 mm<\/td><td class=\"column-3\">PA<\/td><td class=\"column-4\">PZ<\/td><td class=\"column-5\">78 mm<\/td><td class=\"column-6\">bross\u00e9<br \/>\ngeb\u00fcrstet<\/td><td class=\"column-7\">10<\/td>\n<\/tr>\n<tr class=\"row-9 odd\">\n\t<td class=\"column-1\"><strong>6243.0872<\/strong><\/td><td class=\"column-2\">16 mm<\/td><td class=\"column-3\">PA<\/td><td class=\"column-4\">PZ<\/td><td class=\"column-5\">72 mm<\/td><td class=\"column-6\">bross\u00e9<br \/>\ngeb\u00fcrstet<\/td><td class=\"column-7\">10<\/td>\n<\/tr>\n<tr class=\"row-10 even\">\n\t<td class=\"column-1\"><strong>6243.0892<\/strong><\/td><td class=\"column-2\">16 mm<\/td><td class=\"column-3\">PA<\/td><td class=\"column-4\">PZ<\/td><td class=\"column-5\">92 mm<\/td><td class=\"column-6\">bross\u00e9<br \/>\ngeb\u00fcrstet<\/td><td class=\"column-7\">10<\/td>\n<\/tr>\n<\/tbody>\n<\/table>\n\n<\/div><!-- #tablepress-14 from cache -->\n\t<img loading=\"lazy\" src=\"..\/..\/wp-content\/uploads\/2018\/11\/info.jpg\" alt=\"\" width=\"71\" height=\"71\" \/><strong>Autres d\u00e9coupes sur demande, remplace articles 4240<\/strong><br \/>\n<strong>Ex\u00e9cution Tribloc sur demande : ex. 6242.08TR<\/strong>\n\t<div class=\"fl-builder-content fl-builder-content-16798 fl-builder-template fl-builder-row-template fl-builder-global-templates-locked\" data-post-id=\"16798\"><div class=\"fl-row fl-row-full-width fl-row-bg-color fl-node-5bcf25173d381\" data-node=\"5bcf25173d381\">\n\t<div class=\"fl-row-content-wrap\">\n\t\t\t\t\t\t<div class=\"fl-row-content fl-row-fixed-width fl-node-content\">\n\t\t\n<div class=\"fl-col-group fl-node-5bcf25173d0b6 fl-col-group-custom-width\" data-node=\"5bcf25173d0b6\">\n\t\t\t<div class=\"fl-col fl-node-5bcf25173d127 fl-col-small\" data-node=\"5bcf25173d127\">\n\t<div class=\"fl-col-content fl-node-content\">\n\t<div class=\"fl-module fl-module-rich-text fl-node-5bcf25173d2de\" data-node=\"5bcf25173d2de\">\n\t<div class=\"fl-module-content fl-node-content\">\n\t\t<div class=\"fl-rich-text\">\n\t<h2>Un besoin<br \/>\n<strong class=\"r\">une question ?<\/strong><\/h2>\n<\/div>\n\t<\/div>\n<\/div>\n<div class=\"fl-module fl-module-rich-text fl-node-5bcf25173d314 nocut\" data-node=\"5bcf25173d314\">\n\t<div class=\"fl-module-content fl-node-content\">\n\t\t<div class=\"fl-rich-text\">\n\t<p>Contactez notre \u00e9quipe et prenez rendez-vous d\u00e8s maintenant pour un entretien personnalis\u00e9 avec l'un de nos conseillers.<\/p>\n<\/div>\n\t<\/div>\n<\/div>\n<div class=\"fl-module fl-module-rich-text fl-node-5bcf25173d34b\" data-node=\"5bcf25173d34b\">\n\t<div class=\"fl-module-content fl-node-content\">\n\t\t<div class=\"fl-rich-text\">\n\t<p><a id=\"question_call\" class=\"vamtam-button accent6 hover-accent1 button-solid icon-animation-disable\" role=\"button\" href=\"tel:+41244260122\" target=\"_blank\" rel=\"noopener\"><span class=\"vamtam-button-text\"><i class=\"vamtam-button-icon vamtam-button-icon-before fa far fa-phone\"><\/i>+41 24 426 01 22<\/span> <\/a> <a id=\"question_contact\" class=\"vamtam-button accent1 hover-accent6 button-solid icon-animation-disable\" role=\"button\" href=\"#contact\" target=\"_self\"><span class=\"vamtam-button-text\"><i class=\"vamtam-button-icon vamtam-button-icon-before far fa-envelope\"><\/i>Prenez-contact<\/span><\/a><\/p>\n<\/div>\n\t<\/div>\n<\/div>\n\t<\/div>\n<\/div>\n\t\t\t<div class=\"fl-col fl-node-5bcf25173d0f0 fl-col-small fl-col-has-cols\" data-node=\"5bcf25173d0f0\">\n\t<div class=\"fl-col-content fl-node-content\">\n\t\n<div class=\"fl-col-group fl-node-5bcf25173d192 fl-col-group-nested fl-col-group-custom-width\" data-node=\"5bcf25173d192\">\n\t\t\t<div class=\"fl-col fl-node-5bcf25173d270\" data-node=\"5bcf25173d270\">\n\t<div class=\"fl-col-content fl-node-content\">\n\t<div id=\"newsletter\" class=\"fl-module fl-module-rich-text fl-node-5bcf25173d2a8\" data-node=\"5bcf25173d2a8\">\n\t<div class=\"fl-module-content fl-node-content\">\n\t\t<div class=\"fl-rich-text\">\n\t<h3>Restez inform\u00e9 !<\/h3>\n<\/div>\n\t<\/div>\n<\/div>\n\t<\/div>\n<\/div>\n\t<\/div>\n\n<div class=\"fl-col-group fl-node-5bcf25173d15d fl-col-group-nested\" data-node=\"5bcf25173d15d\">\n\t\t\t<div class=\"fl-col fl-node-5bcf25173d1ca\" data-node=\"5bcf25173d1ca\">\n\t<div class=\"fl-col-content fl-node-content\">\n\t<div id=\"entete_form_news\" class=\"fl-module fl-module-rich-text fl-node-5bcf25173d201\" data-node=\"5bcf25173d201\">\n\t<div class=\"fl-module-content fl-node-content\">\n\t\t<div class=\"fl-rich-text\">\n\t<p style=\"text-align: left;\">Souscrivez \u00e0 notre newsletter<br \/>\net restez inform\u00e9 sur toutes nos nouveaut\u00e9s.<\/p>\n<\/div>\n\t<\/div>\n<\/div>\n<div class=\"fl-module fl-module-rich-text fl-node-5bcf25173d238\" data-node=\"5bcf25173d238\">\n\t<div class=\"fl-module-content fl-node-content\">\n\t\t<div class=\"fl-rich-text\">\n\t<p><div role=\"form\" class=\"wpcf7\" id=\"wpcf7-f16722-o1\" lang=\"fr-FR\" dir=\"ltr\">\n<div class=\"screen-reader-response\"><p role=\"status\" aria-live=\"polite\" aria-atomic=\"true\"><\/p> <ul><\/ul><\/div>\n<form action=\"\/fr\/wp-json\/wp\/v2\/pages\/17030#wpcf7-f16722-o1\" method=\"post\" class=\"wpcf7-form init\" novalidate=\"novalidate\" data-status=\"init\">\n<div style=\"display: none;\">\n<input type=\"hidden\" name=\"_wpcf7\" value=\"16722\" \/>\n<input type=\"hidden\" name=\"_wpcf7_version\" value=\"5.4.2\" \/>\n<input type=\"hidden\" name=\"_wpcf7_locale\" value=\"fr_FR\" \/>\n<input type=\"hidden\" name=\"_wpcf7_unit_tag\" value=\"wpcf7-f16722-o1\" \/>\n<input type=\"hidden\" name=\"_wpcf7_container_post\" value=\"0\" \/>\n<input type=\"hidden\" name=\"_wpcf7_posted_data_hash\" value=\"\" \/>\n<input type=\"hidden\" name=\"_wpcf7_recaptcha_response\" value=\"\" \/>\n<\/div>\n<p><a id=\"newsletter\"><\/a><\/p>\n<div id=\"formulaire-responsive\" class=\"clearfix\">\n<div class=\"rang-form\">\n<div class=\"demi-colonne\"><span class=\"wpcf7-form-control-wrap radio-552\"><span class=\"wpcf7-form-control wpcf7-radio option-input radio\"><span class=\"wpcf7-list-item first last\"><input type=\"radio\" name=\"radio-552\" value=\"Professionnel\" checked=\"checked\" \/><span class=\"wpcf7-list-item-label\">Professionnel<\/span><\/span><\/span><\/span><\/div>\n<div class=\"demi-colonne\"><span class=\"wpcf7-form-control-wrap radio-552\"><span class=\"wpcf7-form-control wpcf7-radio option-input radio\"><span class=\"wpcf7-list-item first last\"><input type=\"radio\" name=\"radio-552\" value=\"Particulier\" checked=\"checked\" \/><span class=\"wpcf7-list-item-label\">Particulier<\/span><\/span><\/span><\/span><\/div>\n<\/div>\n<div class=\"rang-form\">\n<div class=\"demi-colonne\"><span class=\"wpcf7-form-control-wrap first-name\"><input type=\"text\" name=\"first-name\" value=\"\" size=\"40\" class=\"wpcf7-form-control wpcf7-text wpcf7-validates-as-required\" aria-required=\"true\" aria-invalid=\"false\" placeholder=\"Votre nom\" \/><\/span><\/div>\n<div class=\"demi-colonne\"><span class=\"wpcf7-form-control-wrap your-email\"><input type=\"email\" name=\"your-email\" value=\"\" size=\"40\" class=\"wpcf7-form-control wpcf7-text wpcf7-email wpcf7-validates-as-required wpcf7-validates-as-email\" aria-required=\"true\" aria-invalid=\"false\" placeholder=\"Votre e-mail\" \/><\/span><\/div>\n<\/div>\n<div class=\"rang-form\">\n<div class=\"colonne\">\n<span class=\"wpcf7-form-control-wrap newsletter\"><span class=\"wpcf7-form-control wpcf7-acceptance\"><span class=\"wpcf7-list-item\"><label><input type=\"checkbox\" name=\"newsletter\" value=\"1\" aria-invalid=\"false\" \/><span class=\"wpcf7-list-item-label\">J\u2019autorise la soci\u00e9t\u00e9 Nickal \u00e0 me faire parvenir les nouveaut\u00e9s et offres du moment. <a href=\"\/nlpd\" title=\"nlpd\">En savoir plus<\/a><\/span><\/label><\/span><\/span><\/span><br \/>\n<input type=\"submit\" value=\"Je m&#039;inscris\" class=\"wpcf7-form-control wpcf7-submit\" \/><\/div>\n<\/div>\n<\/div>\n<input type='hidden' class='wpcf7-pum' value='{\"closepopup\":false,\"closedelay\":0,\"openpopup\":false,\"openpopup_id\":0}' \/><div class=\"wpcf7-response-output\" aria-hidden=\"true\"><\/div><\/form><\/div><\/p>\n<\/div>\n\t<\/div>\n<\/div>\n\t<\/div>\n<\/div>\n\t<\/div>\n\t<\/div>\n<\/div>\n\t<\/div>\n\t\t<\/div>\n\t<\/div>\n<\/div>\n<\/div>\n\n","protected":false},"excerpt":{"rendered":"<p>Art. 6240 Entr\u00e9e de porte longue en Inox Entr\u00e9e longue, 235x40x2 mm D\u00e9tails du produit Description du produit L&rsquo;entr\u00e9e de porte longue en inox 6240\/6540 est disponible en plusieurs d\u00e9coupes et cols. Avec son design arrondi, elle s&rsquo;adapte \u00e0 tout&#8230;<\/p>\n","protected":false},"author":1,"featured_media":0,"parent":0,"menu_order":0,"comment_status":"closed","ping_status":"closed","template":"","meta":[],"jetpack_sharing_enabled":true,"_links":{"self":[{"href":"https:\/\/www.nickal.ch\/fr\/wp-json\/wp\/v2\/pages\/17030"}],"collection":[{"href":"https:\/\/www.nickal.ch\/fr\/wp-json\/wp\/v2\/pages"}],"about":[{"href":"https:\/\/www.nickal.ch\/fr\/wp-json\/wp\/v2\/types\/page"}],"author":[{"embeddable":true,"href":"https:\/\/www.nickal.ch\/fr\/wp-json\/wp\/v2\/users\/1"}],"replies":[{"embeddable":true,"href":"https:\/\/www.nickal.ch\/fr\/wp-json\/wp\/v2\/comments?post=17030"}],"version-history":[{"count":1,"href":"https:\/\/www.nickal.ch\/fr\/wp-json\/wp\/v2\/pages\/17030\/revisions"}],"predecessor-version":[{"id":25419,"href":"https:\/\/www.nickal.ch\/fr\/wp-json\/wp\/v2\/pages\/17030\/revisions\/25419"}],"wp:attachment":[{"href":"https:\/\/www.nickal.ch\/fr\/wp-json\/wp\/v2\/media?parent=17030"}],"curies":[{"name":"wp","href":"https:\/\/api.w.org\/{rel}","templated":true}]}}