{"id":11419,"date":"2016-12-05T16:29:56","date_gmt":"2016-12-05T16:29:56","guid":{"rendered":"https:\/\/nex.vamtam.com\/?page_id=11419"},"modified":"2026-04-13T11:56:25","modified_gmt":"2026-04-13T09:56:25","slug":"home","status":"publish","type":"page","link":"https:\/\/www.nickal.ch\/fr\/","title":{"rendered":"Home"},"content":{"rendered":"\n\n\tPi\u00e8ces sp\u00e9ciales<br \/>\n<strong>pour le b\u00e2timent<\/strong>\nSp\u00e9cialiste des <a href=\"https:\/\/www.nickal.ch\/fr\/poignees-de-porte\/\">poign\u00e9es de portes<\/a>, fen\u00eatres, meubles, des supports, garnitures, accessoires&#8230; Nickal vous propose une large s\u00e9lection de pi\u00e8ces con\u00e7ues pour le b\u00e2timent.<br \/>\n<i>&#8211;<\/i>\n\t<a href=\"\" target=\"_self\" role=\"button\" rel=\"noopener\">\n\t\t\t\t\tD\u00e9couvrez nos pi\u00e8ces\n\t<\/a>\n\tDevenons votre<br \/>\n<strong>importateur<\/strong>\nFabricant reconnu pour la qualit\u00e9 de ses mat\u00e9riaux, Nickal est le distributeur r\u00e9f\u00e9rence des magasins professionnels.<br \/>\n<i>&#8211;<\/i><br \/>\n<i>&#8211;<\/i><br \/>\n<i>&#8211;<\/i>\n\t<a href=\"\" target=\"_self\" role=\"button\" rel=\"noopener\">\n\t\t\t\t\tD\u00e9couvrez nos pi\u00e8ces\n\t<\/a>\n\tProduction<br \/>\n<strong>labelis\u00e9e<\/strong>\nL&rsquo;expertise Nickal est aussi au service de votre entreprise. Professionnel du b\u00e2timent\u00a0? Quincaillerie\u00a0? Choisissez nos produits, utilisez votre logo\u00a0!<br \/>\n<i>&#8211;<\/i><br \/>\n<i>&#8211;<\/i>\n\t<a href=\"\" target=\"_self\" role=\"button\" rel=\"noopener\">\n\t\t\t\t\tD\u00e9couvrez nos pi\u00e8ces\n\t<\/a>\n\tNotre exposition<br \/>\n<strong>\u00e0 Yverdon<\/strong>\nVenez d\u00e9couvrir nos produits et mod\u00e8les sur notre exposition \u00e0 Yverdon-les-Bains.<br \/>\nNous sommes ouverts du lundi au jeudi de 7h \u00e0 12h et de 13h30 \u00e0 17h et le vendredi jusqu&rsquo;\u00e0 16h.\n\n\t<a href=\"\" target=\"_self\" role=\"button\" rel=\"noopener\">\n\t\t\t\t\tD\u00e9couvrez nos pi\u00e8ces\n\t<\/a>\n\t<h2>Notre nouveau<br \/>\n<strong>Catalogue 2026<\/strong><\/h2>\n\t<p>T\u00e9l\u00e9chargez l&rsquo;\u00e9dition 2026 de notre catalogue PDF, une nouvelle version papier sera imprim\u00e9e en 2026.<\/p>\n\t<a href=\"#\" target=\"_blank\" role=\"button\" rel=\"noopener\">\n\t\t\t\t\tT\u00e9l\u00e9charger le catalogue PDF\n\t<\/a>\n\t<a href=\"https:\/\/www.nickal.ch\/fr\/commande-catalogue\/\" target=\"_self\" role=\"button\" rel=\"noopener\">\n\t\t\t\t\tCommandez notre catalogue papier 2026\n\t<\/a>\n\t<h2>A propos<br \/>\n<strong>de Nickal<\/strong><\/h2>\n<p>&nbsp;<\/p>\n<p>Votre partenaire pour la fourniture de poign\u00e9es de porte et de <a href=\"https:\/\/www.nickal.ch\/fr\/poignees-de-fenetre\/\">fen\u00eatre<\/a> d\u00e9velopp\u00e9es sp\u00e9cifiquement pour le domaine de la construction.<\/p>\n<p>Depuis plus de 40 ans, Nickal SA fabrique et distribue \u00e0 travers les marchands professionnels des poign\u00e9es de porte et de fen\u00eatre en Zamak, Aluminium et acier Inoxydable. Nous concevons \u00e9galement sur demande des pi\u00e8ces techniques plus sp\u00e9cialement dans le secteur du b\u00e2timent.<\/p>\n\t<h1>Nos poign\u00e9es<br \/>\n<strong>de portes<\/strong><\/h1>\n\t<p>Nos poign\u00e9es de porte s&rsquo;adaptent \u00e0 tous supports et tous styles. En zamak, aluminium ou inox, disponibles en plusieurs diam\u00e8tres, la qualit\u00e9 de leurs finitions et leur robustesse en font un \u00e9l\u00e9ment indispensable pour vos int\u00e9rieurs et ext\u00e9rieurs.<\/p>\n\t<a href=\"\/zamak-poignees-pour-portes-de-chambres\/\" target=\"_self\" role=\"button\" rel=\"noopener\">\n\t\t\t\t\tD\u00e9couvrez nos poign\u00e9es\n\t<\/a>\n\t<h2>Le coin<br \/>\n<strong>Visserie<\/strong><\/h2>\n\t<p>Pour assembler vos produits, NICKAL vous propose une large s\u00e9lection de vis, crochets, rondelles de calage ou encore tiges \u00e0 levier. Des centaines de mod\u00e8les et de dimensions disponibles pour r\u00e9pondre \u00e0 tous vos besoins en quincaillerie.<\/p>\n\t<a href=\"\" target=\"_self\" role=\"button\" rel=\"noopener\">\n\t\t\t\t\tD\u00e9couvrez nos vis\n\t<\/a>\n\t<h2>Nos pi\u00e8ces<br \/>\n<strong>pour l&rsquo;industrie<\/strong><\/h2>\n\t<p>Nous r\u00e9alisons des produits destin\u00e9s \u00e0 l&rsquo;industrie de l&rsquo;ameublement et \u00e0 celle du b\u00e2timent. S\u00e9curit\u00e9, praticit\u00e9, nos pi\u00e8ces sont con\u00e7ues \u00e0 partir de mat\u00e9riaux de qualit\u00e9 pour garantir une efficacit\u00e9 longue dur\u00e9e.<\/p>\n\t<a href=\"\" target=\"_self\" role=\"button\" rel=\"noopener\">\n\t\t\t\t\tD\u00e9couvrez nos poign\u00e9es\n\t<\/a>\n\t<h2>Ils nous <strong>font confiance<\/strong><\/h2>\n\t\n        \n            <div class=\"wpwax-lsu-ultimate wpwax-lsu-hover-active wpwax-lsu-grid wpwax-lsu-carousel-theme-1 wpwax-lsu-carousel wpwax-lsu-carousel-theme-1 wpwax-lsu-carousel-nav-around \"\n                            data-lsu-items      = \"5\"\n                data-lsu-margin     = \"20\" \n                data-lsu-loop       = \"true\" \n                data-lsu-perslide   = \"1\"\n                data-lsu-speed      = \"1000\"\n                data-lsu-autoplay   = '\n                                {\n                    \"delay\": \"1000\",\n                    \"pauseOnMouseEnter\": true,\n                    \"disableOnInteraction\": false,\n                    \"stopOnLastSlide\": true,\n                    \"reverseDirection\": false                }\n                                '\n                data-lsu-responsive ='{\n                    \"0\": {\"slidesPerView\": \"2\",  \"slidesPerGroup\": \"1\", \"spaceBetween\": \"15\"}, \n                    \"768\": {\"slidesPerView\": \"3\",  \"slidesPerGroup\": \"1\", \"spaceBetween\": \"15\"}, \n                    \"979\": {\"slidesPerView\": \"4\",  \"slidesPerGroup\": \"1\", \"spaceBetween\": \"20\"}, \n                    \"1199\": {\"slidesPerView\": \"5\",  \"slidesPerGroup\": \"1\", \"spaceBetween\": \"30\"}\n                }'\n                        >\n\n                <div class=\"swiper-wrapper\">\n\n                    \n                    <div class=\"wpwax-lsu-item wpwax-lsu-item-bordered swiper-slide\">\n\n    <div class=\"wpwax-lsu-item-inner\" data-bs-toggle=\"tooltip\" data-bs-placement=\"top\"\n        title=\"\">\n        \n        <a href=\"http:\/\/www.opo.ch\/\" target=\"_blank\">\n\n            <img src=\"https:\/\/www.nickal.ch\/wp-content\/uploads\/2023\/09\/opo.jpg\" alt=\"opooeschger\">\n            \n        <\/a>\n\n    <\/div>\n\n<\/div>\n\n        \n    \n\n                    <div class=\"wpwax-lsu-item wpwax-lsu-item-bordered swiper-slide\">\n\n    <div class=\"wpwax-lsu-item-inner\" data-bs-toggle=\"tooltip\" data-bs-placement=\"top\"\n        title=\"\">\n        \n        <a href=\"http:\/\/www.peterhans-hwz.ch\/\" target=\"_blank\">\n\n            <img src=\"https:\/\/www.nickal.ch\/wp-content\/uploads\/2023\/09\/peterhans-1.jpg\" alt=\"peterhans\">\n            \n        <\/a>\n\n    <\/div>\n\n<\/div>\n\n        \n    \n\n                    <div class=\"wpwax-lsu-item wpwax-lsu-item-bordered swiper-slide\">\n\n    <div class=\"wpwax-lsu-item-inner\" data-bs-toggle=\"tooltip\" data-bs-placement=\"top\"\n        title=\"\">\n        \n        <a href=\"https:\/\/www.immer.ch\/\" target=\"_blank\">\n\n            <img src=\"https:\/\/www.nickal.ch\/wp-content\/uploads\/2023\/09\/imm.jpg\" alt=\"immer ag\">\n            \n        <\/a>\n\n    <\/div>\n\n<\/div>\n\n        \n    \n\n                    <div class=\"wpwax-lsu-item wpwax-lsu-item-bordered swiper-slide\">\n\n    <div class=\"wpwax-lsu-item-inner\" data-bs-toggle=\"tooltip\" data-bs-placement=\"top\"\n        title=\"\">\n        \n        <a href=\"http:\/\/www.3cservices.ch\/\" target=\"_blank\">\n\n            <img src=\"https:\/\/www.nickal.ch\/wp-content\/uploads\/2023\/09\/3C_logo_2020-2048x629-1-1024x315.jpg\" alt=\"services SA\">\n            \n        <\/a>\n\n    <\/div>\n\n<\/div>\n\n        \n    \n\n                    <div class=\"wpwax-lsu-item wpwax-lsu-item-bordered swiper-slide\">\n\n    <div class=\"wpwax-lsu-item-inner\" data-bs-toggle=\"tooltip\" data-bs-placement=\"top\"\n        title=\"\">\n        \n        <a href=\"https:\/\/www.koch.ch\/de\/\" target=\"_blank\">\n\n            <img src=\"https:\/\/www.nickal.ch\/wp-content\/uploads\/2023\/09\/koch.jpg\" alt=\"koch\">\n            \n        <\/a>\n\n    <\/div>\n\n<\/div>\n\n        \n    \n\n                    <div class=\"wpwax-lsu-item wpwax-lsu-item-bordered swiper-slide\">\n\n    <div class=\"wpwax-lsu-item-inner\" data-bs-toggle=\"tooltip\" data-bs-placement=\"top\"\n        title=\"\">\n        \n        <a href=\"https:\/\/www.sfs.ch\/\" target=\"_blank\">\n\n            <img src=\"https:\/\/www.nickal.ch\/wp-content\/uploads\/2023\/09\/sns.png\" alt=\"SNS\">\n            \n        <\/a>\n\n    <\/div>\n\n<\/div>\n\n        \n    \n        \n                <\/div>\n                            <\/div>\n\n            \n\t<h2>Un besoin<br \/>\n<strong>une question ?<\/strong><\/h2>\n\t<p>Contactez notre \u00e9quipe et prenez rendez-vous d\u00e8s maintenant pour un entretien personnalis\u00e9 avec l&rsquo;un de nos conseillers.<\/p>\n\t\n\t<h3>Restez inform\u00e9 !<\/h3>\n\tSouscrivez \u00e0 notre newsletter<br \/>\net restez inform\u00e9 sur toutes nos nouveaut\u00e9s.\n\t<div role=\"form\" class=\"wpcf7\" id=\"wpcf7-f16722-o1\" lang=\"fr-FR\" dir=\"ltr\">\n<div class=\"screen-reader-response\"><p role=\"status\" aria-live=\"polite\" aria-atomic=\"true\"><\/p> <ul><\/ul><\/div>\n<form action=\"\/fr\/wp-json\/wp\/v2\/pages\/11419#wpcf7-f16722-o1\" method=\"post\" class=\"wpcf7-form init\" novalidate=\"novalidate\" data-status=\"init\">\n<div style=\"display: none;\">\n<input type=\"hidden\" name=\"_wpcf7\" value=\"16722\" \/>\n<input type=\"hidden\" name=\"_wpcf7_version\" value=\"5.4.2\" \/>\n<input type=\"hidden\" name=\"_wpcf7_locale\" value=\"fr_FR\" \/>\n<input type=\"hidden\" name=\"_wpcf7_unit_tag\" value=\"wpcf7-f16722-o1\" \/>\n<input type=\"hidden\" name=\"_wpcf7_container_post\" value=\"0\" \/>\n<input type=\"hidden\" name=\"_wpcf7_posted_data_hash\" value=\"\" \/>\n<input type=\"hidden\" name=\"_wpcf7_recaptcha_response\" value=\"\" \/>\n<\/div>\n<p><a id=\"newsletter\"><\/a><\/p>\n<div id=\"formulaire-responsive\" class=\"clearfix\">\n<div class=\"rang-form\">\n<div class=\"demi-colonne\"><span class=\"wpcf7-form-control-wrap radio-552\"><span class=\"wpcf7-form-control wpcf7-radio option-input radio\"><span class=\"wpcf7-list-item first last\"><input type=\"radio\" name=\"radio-552\" value=\"Professionnel\" checked=\"checked\" \/><span class=\"wpcf7-list-item-label\">Professionnel<\/span><\/span><\/span><\/span><\/div>\n<div class=\"demi-colonne\"><span class=\"wpcf7-form-control-wrap radio-552\"><span class=\"wpcf7-form-control wpcf7-radio option-input radio\"><span class=\"wpcf7-list-item first last\"><input type=\"radio\" name=\"radio-552\" value=\"Particulier\" checked=\"checked\" \/><span class=\"wpcf7-list-item-label\">Particulier<\/span><\/span><\/span><\/span><\/div>\n<\/div>\n<div class=\"rang-form\">\n<div class=\"demi-colonne\"><span class=\"wpcf7-form-control-wrap first-name\"><input type=\"text\" name=\"first-name\" value=\"\" size=\"40\" class=\"wpcf7-form-control wpcf7-text wpcf7-validates-as-required\" aria-required=\"true\" aria-invalid=\"false\" placeholder=\"Votre nom\" \/><\/span><\/div>\n<div class=\"demi-colonne\"><span class=\"wpcf7-form-control-wrap your-email\"><input type=\"email\" name=\"your-email\" value=\"\" size=\"40\" class=\"wpcf7-form-control wpcf7-text wpcf7-email wpcf7-validates-as-required wpcf7-validates-as-email\" aria-required=\"true\" aria-invalid=\"false\" placeholder=\"Votre e-mail\" \/><\/span><\/div>\n<\/div>\n<div class=\"rang-form\">\n<div class=\"colonne\">\n<span class=\"wpcf7-form-control-wrap newsletter\"><span class=\"wpcf7-form-control wpcf7-acceptance\"><span class=\"wpcf7-list-item\"><label><input type=\"checkbox\" name=\"newsletter\" value=\"1\" aria-invalid=\"false\" \/><span class=\"wpcf7-list-item-label\">J\u2019autorise la soci\u00e9t\u00e9 Nickal \u00e0 me faire parvenir les nouveaut\u00e9s et offres du moment. <a href=\"\/nlpd\" title=\"nlpd\">En savoir plus<\/a><\/span><\/label><\/span><\/span><\/span><br \/>\n<input type=\"submit\" value=\"Je m&#039;inscris\" class=\"wpcf7-form-control wpcf7-submit\" \/><\/div>\n<\/div>\n<\/div>\n<input type='hidden' class='wpcf7-pum' value='{\"closepopup\":false,\"closedelay\":0,\"openpopup\":false,\"openpopup_id\":0}' \/><div class=\"wpcf7-response-output\" aria-hidden=\"true\"><\/div><\/form><\/div>\n\n","protected":false},"excerpt":{"rendered":"","protected":false},"author":1,"featured_media":0,"parent":0,"menu_order":0,"comment_status":"closed","ping_status":"closed","template":"","meta":[],"jetpack_sharing_enabled":true,"_links":{"self":[{"href":"https:\/\/www.nickal.ch\/fr\/wp-json\/wp\/v2\/pages\/11419"}],"collection":[{"href":"https:\/\/www.nickal.ch\/fr\/wp-json\/wp\/v2\/pages"}],"about":[{"href":"https:\/\/www.nickal.ch\/fr\/wp-json\/wp\/v2\/types\/page"}],"author":[{"embeddable":true,"href":"https:\/\/www.nickal.ch\/fr\/wp-json\/wp\/v2\/users\/1"}],"replies":[{"embeddable":true,"href":"https:\/\/www.nickal.ch\/fr\/wp-json\/wp\/v2\/comments?post=11419"}],"version-history":[{"count":22,"href":"https:\/\/www.nickal.ch\/fr\/wp-json\/wp\/v2\/pages\/11419\/revisions"}],"predecessor-version":[{"id":54645,"href":"https:\/\/www.nickal.ch\/fr\/wp-json\/wp\/v2\/pages\/11419\/revisions\/54645"}],"wp:attachment":[{"href":"https:\/\/www.nickal.ch\/fr\/wp-json\/wp\/v2\/media?parent=11419"}],"curies":[{"name":"wp","href":"https:\/\/api.w.org\/{rel}","templated":true}]}}