{"id":17440,"date":"2018-11-22T16:15:49","date_gmt":"2018-11-22T15:15:49","guid":{"rendered":"http:\/\/staging06.coommunication.com\/cocktail-entrees-clips\/"},"modified":"2022-03-29T13:43:34","modified_gmt":"2022-03-29T11:43:34","slug":"cocktail-klipslangschilder","status":"publish","type":"page","link":"https:\/\/www.nickal.ch\/de\/cocktail-klipslangschilder\/","title":{"rendered":"Cocktail &#8211; Klipslangschilder"},"content":{"rendered":"\n\n\t<h1><strong>Klipslangschilder<\/strong><\/h1>\n\t<\/p>\n<h5>Unser<br \/>\n<strong>Katalog<\/strong><\/h5>\n<p>Finden Sie allen Produkten aus unserem Sortiment in unserem PDF Katalog.<\/p>\n<a href=\"#\" id=\"catalogue_pdf_page\">Laden Sie unser Katalog herunter<\/a>\n\t\t\t\t<img loading=\"lazy\" src=\"https:\/\/www.nickal.ch\/wp-content\/uploads\/2018\/12\/5240.jpg\" alt=\"Nickal - Entr\u00e9e clips - Klipslangschilder\" itemprop=\"image\" height=\"584\" width=\"115\" title=\"5240\" onerror=\"this.style.display='none'\"  \/>\n\t\t\t\t<img loading=\"lazy\" src=\"https:\/\/www.nickal.ch\/wp-content\/uploads\/2018\/12\/5240_schema.jpg\" alt=\"Nickal - Entr\u00e9e clips - Klipslangschilder\" itemprop=\"image\" height=\"430\" width=\"312\" title=\"5240_schema\" onerror=\"this.style.display='none'\"  \/>\n\t<p>Art. 5240<\/p>\n<h2>Klipslangschilder<\/h2>\n<!--\n<ul id=\"checke\">\n<li>\u00a0Norme suisse<\/li>\n<li>\u00a0Avec perforation pour serrure \u00e0 garnitures<\/li>\n<li>\u00a0Garniture longue, poign\u00e9e en onglet (CL)<\/li>\n<li>\u00a0Pour portes d'une \u00e9paisseur de 35 \u00e0 45 mm<\/li>\n<\/ul>\n-->\n\t\t\t\t<img loading=\"lazy\" src=\"https:\/\/www.nickal.ch\/wp-content\/uploads\/2018\/12\/5240.jpg\" alt=\"Nickal - Entr\u00e9e clips - Klipslangschilder\" itemprop=\"image\" height=\"584\" width=\"115\" title=\"5240\" onerror=\"this.style.display='none'\"  \/>\n\t\t\t\t<img loading=\"lazy\" src=\"https:\/\/www.nickal.ch\/wp-content\/uploads\/2018\/12\/5240_schema.jpg\" alt=\"Nickal - Entr\u00e9e clips - Klipslangschilder\" itemprop=\"image\" height=\"430\" width=\"312\" title=\"5240_schema\" onerror=\"this.style.display='none'\"  \/>\n\t<h3>D\u00e9tails <strong>du produit<\/strong><\/h3>\n\t\t\tProdukt Bezeichnung\n\t\t<p>Der Klipslanschild 5240 misst 220x40x6 mm und ist in verschiedenen Oberfl\u00e4chen f\u00fcr meistens Absschnitte erh\u00e4ltich. Er passt an alle Typen von Dr\u00fccker und Schl\u00f6sser. Erh\u00e4ltlich in poliert goldfarbig Oberfl\u00e4che, gestrahlt vernickelt, gestrahlt verchromt, poliert verchromt oder Nickel Anthrazit.<\/p>\n\t\t\tProduktspezifikationen\n\t\t<p>Das Klipslangschild 5240 geh\u00f6rt zur Cocktail-Serie und eignet sich perfekt in jeder Residenz. Andere Ausschnitte auf Mass.<\/p>\n\t<div id=\"tablepress-24-scroll-wrapper\" class=\"tablepress-scroll-wrapper\">\n\n<table id=\"tablepress-24\" class=\"tablepress tablepress-id-24 tablepress-responsive\">\n<thead>\n<tr class=\"row-1 odd\">\n\t<th class=\"column-1\">R\u00e9f. Article<br \/>\nArtikel-Nr.<\/th><th class=\"column-2\">Unit\u00e9<br \/>\nEinheit<\/th><th class=\"column-3\">Distance<br \/>\nDistanz<\/th><th class=\"column-4\">D\u00e9coupe<br \/>\nLochung<\/th><th class=\"column-5\">Traitement<br \/>\nAusf\u00fchrung<\/th><th class=\"column-6\"><img src=\"http:\/\/www.nickal.ch\/wp-content\/uploads\/2018\/11\/box.jpg\" alt=\"\" width=\"71\" height=\"63\" class=\"alignleft size-full wp-image-16929\" \/><\/th>\n<\/tr>\n<\/thead>\n<tbody class=\"row-hover\">\n<tr class=\"row-2 even\">\n\t<td class=\"column-1\"><strong>5200.08<\/strong><\/td><td class=\"column-2\">PA<\/td><td class=\"column-3\">-<\/td><td class=\"column-4\">AV\/BLIND<\/td><td class=\"column-5\">bross\u00e9<br \/>\ngeb\u00fcrstet<\/td><td class=\"column-6\">10<\/td>\n<\/tr>\n<tr class=\"row-3 odd\">\n\t<td class=\"column-1\"><strong>5240.08<\/strong><\/td><td class=\"column-2\">PA<\/td><td class=\"column-3\">-<\/td><td class=\"column-4\">ST\/UG<\/td><td class=\"column-5\">bross\u00e9<br \/>\ngeb\u00fcrstet<br \/>\n<\/td><td class=\"column-6\">10<\/td>\n<\/tr>\n<tr class=\"row-4 even\">\n\t<td class=\"column-1\"><strong>5241.08<\/strong><\/td><td class=\"column-2\">PA<\/td><td class=\"column-3\">78 mm<\/td><td class=\"column-4\">BB<\/td><td class=\"column-5\">bross\u00e9<br \/>\ngeb\u00fcrstet<br \/>\n<\/td><td class=\"column-6\">10<\/td>\n<\/tr>\n<tr class=\"row-5 odd\">\n\t<td class=\"column-1\"><strong>5241.0872<\/strong><\/td><td class=\"column-2\">PA<\/td><td class=\"column-3\">72 mm<\/td><td class=\"column-4\">BB<\/td><td class=\"column-5\">bross\u00e9<br \/>\ngeb\u00fcrstet<br \/>\n<\/td><td class=\"column-6\">10<\/td>\n<\/tr>\n<tr class=\"row-6 even\">\n\t<td class=\"column-1\"><strong>5242.08<\/strong><\/td><td class=\"column-2\">PA<\/td><td class=\"column-3\">78 mm<\/td><td class=\"column-4\">RZ<\/td><td class=\"column-5\">bross\u00e9<br \/>\ngeb\u00fcrstet<br \/>\n<\/td><td class=\"column-6\">10<\/td>\n<\/tr>\n<tr class=\"row-7 odd\">\n\t<td class=\"column-1\"><strong>5242.0874<\/strong><\/td><td class=\"column-2\">PA<\/td><td class=\"column-3\">74 mm<\/td><td class=\"column-4\">RZ<\/td><td class=\"column-5\">bross\u00e9<br \/>\ngeb\u00fcrstet<br \/>\n<\/td><td class=\"column-6\">10<\/td>\n<\/tr>\n<tr class=\"row-8 even\">\n\t<td class=\"column-1\"><strong>5243.08<\/strong><\/td><td class=\"column-2\">PA<\/td><td class=\"column-3\">78 mm<\/td><td class=\"column-4\">PZ<\/td><td class=\"column-5\">bross\u00e9<br \/>\ngeb\u00fcrstet<br \/>\n<\/td><td class=\"column-6\">10<\/td>\n<\/tr>\n<tr class=\"row-9 odd\">\n\t<td class=\"column-1\"><strong>5243.0872<\/strong><\/td><td class=\"column-2\">PA<\/td><td class=\"column-3\">72 mm<\/td><td class=\"column-4\">PZ<\/td><td class=\"column-5\">bross\u00e9<br \/>\ngeb\u00fcrstet<br \/>\n<\/td><td class=\"column-6\">10<\/td>\n<\/tr>\n<\/tbody>\n<\/table>\n\n<\/div><!-- #tablepress-24 from cache -->\n\t<p>Bei Mengen \u00fcber 20 Garnituren, bitte um Preisanfrage<\/p>\n\t\n\t<div class=\"fl-builder-content fl-builder-content-17567 fl-builder-template fl-builder-row-template fl-builder-global-templates-locked\" data-post-id=\"17567\"><div class=\"fl-row fl-row-full-width fl-row-bg-color fl-node-5bcf25173d381\" data-node=\"5bcf25173d381\">\n\t<div class=\"fl-row-content-wrap\">\n\t\t\t\t\t\t<div class=\"fl-row-content fl-row-fixed-width fl-node-content\">\n\t\t\n<div class=\"fl-col-group fl-node-5bcf25173d0b6 fl-col-group-custom-width\" data-node=\"5bcf25173d0b6\">\n\t\t\t<div class=\"fl-col fl-node-5bcf25173d127 fl-col-small\" data-node=\"5bcf25173d127\">\n\t<div class=\"fl-col-content fl-node-content\">\n\t<div class=\"fl-module fl-module-rich-text fl-node-5bcf25173d2de\" data-node=\"5bcf25173d2de\">\n\t<div class=\"fl-module-content fl-node-content\">\n\t\t<div class=\"fl-rich-text\">\n\t<h2>Ein Vebrauch ?<br \/>\n<strong class=\"r\">Eine Frage ?<\/h2>\n<\/div>\n\t<\/div>\n<\/div>\n<div class=\"fl-module fl-module-rich-text fl-node-5bcf25173d314 nocut\" data-node=\"5bcf25173d314\">\n\t<div class=\"fl-module-content fl-node-content\">\n\t\t<div class=\"fl-rich-text\">\n\t<p>Kontaktieren Sie unser Team und vereinbaren Sie einen Termin jetzt f\u00fcr einen personalisierte Besprechung mit einem unserer Berater.<\/p>\n<\/div>\n\t<\/div>\n<\/div>\n<div class=\"fl-module fl-module-rich-text fl-node-5bcf25173d34b\" data-node=\"5bcf25173d34b\">\n\t<div class=\"fl-module-content fl-node-content\">\n\t\t<div class=\"fl-rich-text\">\n\t<p><a id=\"tel_question_de\" class=\"vamtam-button accent6 hover-accent1 button-solid icon-animation-disable\" role=\"button\" href=\"tel:+41244260122\" target=\"_blank\" rel=\"noopener\"><span class=\"vamtam-button-text\"><i class=\"vamtam-button-icon vamtam-button-icon-before fa far fa-phone\"><\/i>+41 24 426 01 22<\/span> <\/a> <a  id=\"tel_contact_de\"  class=\"vamtam-button accent1 hover-accent6 button-solid icon-animation-disable\" role=\"button\" href=\"#contact\" target=\"_self\"><span class=\"vamtam-button-text\"><i class=\"vamtam-button-icon vamtam-button-icon-before far fa-envelope\"><\/i>Kontakt<\/span><\/a><\/p>\n<\/div>\n\t<\/div>\n<\/div>\n\t<\/div>\n<\/div>\n\t\t\t<div class=\"fl-col fl-node-5bcf25173d0f0 fl-col-small fl-col-has-cols\" data-node=\"5bcf25173d0f0\">\n\t<div class=\"fl-col-content fl-node-content\">\n\t\n<div class=\"fl-col-group fl-node-5bcf25173d192 fl-col-group-nested fl-col-group-custom-width\" data-node=\"5bcf25173d192\">\n\t\t\t<div class=\"fl-col fl-node-5bcf25173d270\" data-node=\"5bcf25173d270\">\n\t<div class=\"fl-col-content fl-node-content\">\n\t<div class=\"fl-module fl-module-rich-text fl-node-5bcf25173d2a8\" data-node=\"5bcf25173d2a8\">\n\t<div class=\"fl-module-content fl-node-content\">\n\t\t<div class=\"fl-rich-text\">\n\t<h3>Bleiben Sie informiert !<\/h3>\n<\/div>\n\t<\/div>\n<\/div>\n\t<\/div>\n<\/div>\n\t<\/div>\n\n<div class=\"fl-col-group fl-node-5bcf25173d15d fl-col-group-nested\" data-node=\"5bcf25173d15d\">\n\t\t\t<div class=\"fl-col fl-node-5bcf25173d1ca\" data-node=\"5bcf25173d1ca\">\n\t<div class=\"fl-col-content fl-node-content\">\n\t<div class=\"fl-module fl-module-rich-text fl-node-5bcf25173d201\" data-node=\"5bcf25173d201\">\n\t<div class=\"fl-module-content fl-node-content\">\n\t\t<div class=\"fl-rich-text\">\n\t<p>Abonnieren Sie unseren Newsletter und bleiben Sie auf<br \/>\ndem Laufenden.<\/p>\n<\/div>\n\t<\/div>\n<\/div>\n<div class=\"fl-module fl-module-rich-text fl-node-5bcf25173d238\" data-node=\"5bcf25173d238\">\n\t<div class=\"fl-module-content fl-node-content\">\n\t\t<div class=\"fl-rich-text\">\n\t<p><div role=\"form\" class=\"wpcf7\" id=\"wpcf7-f17544-o1\" lang=\"fr-FR\" dir=\"ltr\">\n<div class=\"screen-reader-response\"><p role=\"status\" aria-live=\"polite\" aria-atomic=\"true\"><\/p> <ul><\/ul><\/div>\n<form action=\"\/de\/wp-json\/wp\/v2\/pages\/17440#wpcf7-f17544-o1\" method=\"post\" class=\"wpcf7-form init\" novalidate=\"novalidate\" data-status=\"init\">\n<div style=\"display: none;\">\n<input type=\"hidden\" name=\"_wpcf7\" value=\"17544\" \/>\n<input type=\"hidden\" name=\"_wpcf7_version\" value=\"5.4.2\" \/>\n<input type=\"hidden\" name=\"_wpcf7_locale\" value=\"fr_FR\" \/>\n<input type=\"hidden\" name=\"_wpcf7_unit_tag\" value=\"wpcf7-f17544-o1\" \/>\n<input type=\"hidden\" name=\"_wpcf7_container_post\" value=\"0\" \/>\n<input type=\"hidden\" name=\"_wpcf7_posted_data_hash\" value=\"\" \/>\n<input type=\"hidden\" name=\"_wpcf7_recaptcha_response\" value=\"\" \/>\n<\/div>\n<p><a id=\"newsletter\"><\/a><\/p>\n<div id=\"formulaire-responsive\" class=\"clearfix\">\n<div class=\"rang-form\">\n<div class=\"demi-colonne\"><span class=\"wpcf7-form-control-wrap radio-552\"><span class=\"wpcf7-form-control wpcf7-radio option-input radio\"><span class=\"wpcf7-list-item first last\"><input type=\"radio\" name=\"radio-552\" value=\"Professional\" checked=\"checked\" \/><span class=\"wpcf7-list-item-label\">Professional<\/span><\/span><\/span><\/span><\/div>\n<div class=\"demi-colonne\"><\/div>\n<\/div>\n<div class=\"rang-form clearfix\">\n<div class=\"demi-colonne\"><span class=\"wpcf7-form-control-wrap first-name\"><input type=\"text\" name=\"first-name\" value=\"\" size=\"40\" class=\"wpcf7-form-control wpcf7-text wpcf7-validates-as-required\" aria-required=\"true\" aria-invalid=\"false\" placeholder=\"Ihr Name\" \/><\/span><\/div>\n<div class=\"demi-colonne\"><span class=\"wpcf7-form-control-wrap your-email\"><input type=\"email\" name=\"your-email\" value=\"\" size=\"40\" class=\"wpcf7-form-control wpcf7-text wpcf7-email wpcf7-validates-as-required wpcf7-validates-as-email\" aria-required=\"true\" aria-invalid=\"false\" placeholder=\"Ihr Mail\" \/><\/span><\/div>\n<\/div>\n<div class=\"rang-form\">\n<div class=\"colonne\">\n<span class=\"wpcf7-form-control-wrap newsletter\"><span class=\"wpcf7-form-control wpcf7-acceptance\"><span class=\"wpcf7-list-item\"><label><input type=\"checkbox\" name=\"newsletter\" value=\"1\" aria-invalid=\"false\" \/><span class=\"wpcf7-list-item-label\">Ich erm\u00e4chtige die Firma Nickal, mir aktuelle Neuigkeiten und Angebote zukommen zu lassen. <a href=\"\/nlpd\" title=\"nlpd\">Mehr erfahren<\/a><\/span><\/label><\/span><\/span><\/span><br \/>\n<input type=\"submit\" value=\"Newsletter abonnieren\" class=\"wpcf7-form-control wpcf7-submit\" \/><\/div>\n<\/div>\n<\/div>\n<input type='hidden' class='wpcf7-pum' value='{\"closepopup\":false,\"closedelay\":0,\"openpopup\":false,\"openpopup_id\":0}' \/><div class=\"wpcf7-response-output\" aria-hidden=\"true\"><\/div><\/form><\/div><\/p>\n<\/div>\n\t<\/div>\n<\/div>\n\t<\/div>\n<\/div>\n\t<\/div>\n\t<\/div>\n<\/div>\n\t<\/div>\n\t\t<\/div>\n\t<\/div>\n<\/div>\n<\/div>\n\n","protected":false},"excerpt":{"rendered":"<p>Klipslangschilder Art. 5240 Klipslangschilder D\u00e9tails du produit Produkt Bezeichnung Der Klipslanschild 5240 misst 220x40x6 mm und ist in verschiedenen Oberfl\u00e4chen f\u00fcr meistens Absschnitte erh\u00e4ltich. Er passt an alle Typen von Dr\u00fccker und Schl\u00f6sser. Erh\u00e4ltlich in poliert goldfarbig Oberfl\u00e4che, gestrahlt vernickelt,&#8230;<\/p>\n","protected":false},"author":1,"featured_media":0,"parent":0,"menu_order":0,"comment_status":"closed","ping_status":"closed","template":"","meta":[],"jetpack_sharing_enabled":true,"_links":{"self":[{"href":"https:\/\/www.nickal.ch\/de\/wp-json\/wp\/v2\/pages\/17440"}],"collection":[{"href":"https:\/\/www.nickal.ch\/de\/wp-json\/wp\/v2\/pages"}],"about":[{"href":"https:\/\/www.nickal.ch\/de\/wp-json\/wp\/v2\/types\/page"}],"author":[{"embeddable":true,"href":"https:\/\/www.nickal.ch\/de\/wp-json\/wp\/v2\/users\/1"}],"replies":[{"embeddable":true,"href":"https:\/\/www.nickal.ch\/de\/wp-json\/wp\/v2\/comments?post=17440"}],"version-history":[{"count":1,"href":"https:\/\/www.nickal.ch\/de\/wp-json\/wp\/v2\/pages\/17440\/revisions"}],"predecessor-version":[{"id":25487,"href":"https:\/\/www.nickal.ch\/de\/wp-json\/wp\/v2\/pages\/17440\/revisions\/25487"}],"wp:attachment":[{"href":"https:\/\/www.nickal.ch\/de\/wp-json\/wp\/v2\/media?parent=17440"}],"curies":[{"name":"wp","href":"https:\/\/api.w.org\/{rel}","templated":true}]}}