{"id":17424,"date":"2018-11-22T14:48:48","date_gmt":"2018-11-22T13:48:48","guid":{"rendered":"http:\/\/staging06.coommunication.com\/aluminium-poignees-de-portes\/"},"modified":"2022-03-29T14:01:13","modified_gmt":"2022-03-29T12:01:13","slug":"aluminium-tuerdruecker","status":"publish","type":"page","link":"https:\/\/www.nickal.ch\/de\/aluminium-tuerdruecker\/","title":{"rendered":"Nickal \u2013 T\u00fcrgriffe in Aluminium"},"content":{"rendered":"\n\n\t<h1><strong>T\u00fcrdr\u00fccker<\/strong><\/h1>\n\t<\/p>\n<h5>Unser<br \/>\n<strong>Katalog<\/strong><\/h5>\n<p>Finden Sie allen Produkten aus unserem Sortiment in unserem PDF Katalog.<\/p>\n<a href=\"#\" id=\"catalogue_pdf_page\">Laden Sie unser Katalog herunter<\/a>\n\t\t\t\t<img loading=\"lazy\" src=\"https:\/\/www.nickal.ch\/wp-content\/uploads\/2018\/11\/art-0222-1.jpg\" alt=\"Nickal - art-0222-1\" itemprop=\"image\" height=\"192\" width=\"434\" title=\"Nickal - art-0222-1\" onerror=\"this.style.display='none'\"  \/>\n\t\t\t\t<img loading=\"lazy\" src=\"https:\/\/www.nickal.ch\/wp-content\/uploads\/2018\/11\/art-0222-2.jpg\" alt=\"Nickal - art-0222-2\" itemprop=\"image\" height=\"838\" width=\"1000\" title=\"Nickal - art-0222-2\" onerror=\"this.style.display='none'\"  \/>\n\t<p>Art. 0222<\/p>\n<h2>T\u00fcrdr\u00fccker aus Aluminium f\u00fcr Zimmert\u00fcre<\/h2>\n<!--\n<ul id=\"checke\">\n<li>\u00a0Norme suisse<\/li>\n<li>\u00a0Avec perforation pour serrure \u00e0 garnitures<\/li>\n<li>\u00a0Garniture longue, poign\u00e9e en onglet (CL)<\/li>\n<li>\u00a0Pour portes d'une \u00e9paisseur de 35 \u00e0 45 mm<\/li>\n<\/ul>\n-->\n\t\t\t\t<img loading=\"lazy\" src=\"https:\/\/www.nickal.ch\/wp-content\/uploads\/2018\/11\/art-0222-1.jpg\" alt=\"Nickal - art-0222-1\" itemprop=\"image\" height=\"192\" width=\"434\" title=\"Nickal - art-0222-1\" onerror=\"this.style.display='none'\"  \/>\n\t\t\t\t<img loading=\"lazy\" src=\"https:\/\/www.nickal.ch\/wp-content\/uploads\/2018\/11\/art-0222-2.jpg\" alt=\"Nickal - art-0222-2\" itemprop=\"image\" height=\"838\" width=\"1000\" title=\"Nickal - art-0222-2\" onerror=\"this.style.display='none'\"  \/>\n\t<h3>D\u00e9tails <strong>du produit<\/strong><\/h3>\n\t\t\tProdukt Bezeichnung\n\t\t<p>Der Dr\u00fccker aus Aluminium 0222 ist f\u00fcr T\u00fcrst\u00e4rke 40 oder 60 m verf\u00fcgbar mit einem 8 mm Stift. Ideal f\u00fcr die Zimmert\u00fcren, sie hat einen ergonomischen Design und ist in zwei Auf\u00fchrungen verf\u00fcgbar. Eloxiertes Aluminium F1 oder F2, sind kompatibel f\u00fcr alle Arten von T\u00fcren.<\/p>\n\t\t\tProduktspezifikationen\n\t\t<p>Modern und resistent, eignet sich der Griff 0222 mit jeder T\u00fcr.<\/p>\n\t<div id=\"tablepress-21-scroll-wrapper\" class=\"tablepress-scroll-wrapper\">\n\n<table id=\"tablepress-21\" class=\"tablepress tablepress-id-21 tablepress-responsive\">\n<thead>\n<tr class=\"row-1 odd\">\n\t<th class=\"column-1\">R\u00e9f. Article<br \/>\nArtikel-Nr.<\/th><th class=\"column-2\">Unit\u00e9<br \/>\nEinheit<\/th><th class=\"column-3\">Carr\u00e9<br \/>\nStift<\/th><th class=\"column-4\">Epaisseur<br \/>\nHolzdicke<\/th><th class=\"column-5\">Traitement<br \/>\nAusf\u00fchrung<\/th><th class=\"column-6\"><img src=\"http:\/\/www.nickal.ch\/wp-content\/uploads\/2018\/11\/box.jpg\" alt=\"\" width=\"71\" height=\"63\" class=\"alignleft size-full wp-image-16929\" \/><\/th>\n<\/tr>\n<\/thead>\n<tbody class=\"row-hover\">\n<tr class=\"row-2 even\">\n\t<td class=\"column-1\"><strong>0222.25<\/strong><\/td><td class=\"column-2\">PA<\/td><td class=\"column-3\">8 mm<\/td><td class=\"column-4\">40 mm<\/td><td class=\"column-5\">\u00e9lox\u00e9 F1<br \/>\nF1 eloxiert<\/td><td class=\"column-6\">10<\/td>\n<\/tr>\n<tr class=\"row-3 odd\">\n\t<td class=\"column-1\"><strong>0222.2500<\/strong><\/td><td class=\"column-2\">PI\/ST<\/td><td class=\"column-3\">-<\/td><td class=\"column-4\">-<\/td><td class=\"column-5\">\u00e9lox\u00e9 F1<br \/>\nF1 eloxiert<\/td><td class=\"column-6\">10<\/td>\n<\/tr>\n<tr class=\"row-4 even\">\n\t<td class=\"column-1\"><strong>0222.2560<\/strong><\/td><td class=\"column-2\">PA<\/td><td class=\"column-3\">8 mm<\/td><td class=\"column-4\">60 mm<\/td><td class=\"column-5\">\u00e9lox\u00e9 F1<br \/>\nF1 eloxiert<\/td><td class=\"column-6\">10<\/td>\n<\/tr>\n<tr class=\"row-5 odd\">\n\t<td class=\"column-1\"><strong>0222.26<\/strong><\/td><td class=\"column-2\">PA<\/td><td class=\"column-3\">8 mm<\/td><td class=\"column-4\">40 mm<\/td><td class=\"column-5\">\u00e9lox\u00e9 F2<br \/>\nF2 eloxiert<\/td><td class=\"column-6\">10<\/td>\n<\/tr>\n<tr class=\"row-6 even\">\n\t<td class=\"column-1\"><strong>0222.2600<\/strong><\/td><td class=\"column-2\">PI\/ST<\/td><td class=\"column-3\">-<\/td><td class=\"column-4\">-<\/td><td class=\"column-5\">\u00e9lox\u00e9 F2<br \/>\nF2 eloxiert<\/td><td class=\"column-6\">10<\/td>\n<\/tr>\n<tr class=\"row-7 odd\">\n\t<td class=\"column-1\"><strong>0222.2660<\/strong><\/td><td class=\"column-2\">PA<\/td><td class=\"column-3\">8 mm<\/td><td class=\"column-4\">60 mm<\/td><td class=\"column-5\">\u00e9lox\u00e9 F2<br \/>\nF2 eloxiert<\/td><td class=\"column-6\">10<\/td>\n<\/tr>\n<\/tbody>\n<\/table>\n\n<\/div><!-- #tablepress-21 from cache -->\n\t\n\n","protected":false},"excerpt":{"rendered":"<p>T\u00fcrdr\u00fccker Art. 0222 T\u00fcrdr\u00fccker aus Aluminium f\u00fcr Zimmert\u00fcre D\u00e9tails du produit Produkt Bezeichnung Der Dr\u00fccker aus Aluminium 0222 ist f\u00fcr T\u00fcrst\u00e4rke 40 oder 60 m verf\u00fcgbar mit einem 8 mm Stift. Ideal f\u00fcr die Zimmert\u00fcren, sie hat einen ergonomischen Design&#8230;<\/p>\n","protected":false},"author":1,"featured_media":0,"parent":0,"menu_order":0,"comment_status":"closed","ping_status":"closed","template":"","meta":[],"jetpack_sharing_enabled":true,"_links":{"self":[{"href":"https:\/\/www.nickal.ch\/de\/wp-json\/wp\/v2\/pages\/17424"}],"collection":[{"href":"https:\/\/www.nickal.ch\/de\/wp-json\/wp\/v2\/pages"}],"about":[{"href":"https:\/\/www.nickal.ch\/de\/wp-json\/wp\/v2\/types\/page"}],"author":[{"embeddable":true,"href":"https:\/\/www.nickal.ch\/de\/wp-json\/wp\/v2\/users\/1"}],"replies":[{"embeddable":true,"href":"https:\/\/www.nickal.ch\/de\/wp-json\/wp\/v2\/comments?post=17424"}],"version-history":[{"count":2,"href":"https:\/\/www.nickal.ch\/de\/wp-json\/wp\/v2\/pages\/17424\/revisions"}],"predecessor-version":[{"id":25491,"href":"https:\/\/www.nickal.ch\/de\/wp-json\/wp\/v2\/pages\/17424\/revisions\/25491"}],"wp:attachment":[{"href":"https:\/\/www.nickal.ch\/de\/wp-json\/wp\/v2\/media?parent=17424"}],"curies":[{"name":"wp","href":"https:\/\/api.w.org\/{rel}","templated":true}]}}