{"id":17368,"date":"2018-11-22T15:08:57","date_gmt":"2018-11-22T14:08:57","guid":{"rendered":"http:\/\/staging06.coommunication.com\/inox-rosaces-rondes-a-visser\/"},"modified":"2018-11-22T15:08:57","modified_gmt":"2018-11-22T14:08:57","slug":"inox-rosaces-rondes-a-visser","status":"publish","type":"page","link":"https:\/\/www.nickal.ch\/de\/inox-rosaces-rondes-a-visser\/","title":{"rendered":"INOX &#8211; Rosaces rondes \u00e0 visser"},"content":{"rendered":"<h1>Rosaces rondes <strong>\u00e0 visser<\/strong><\/h1>\n<h5>Notre<br \/>\n<strong>Catalogue<\/strong><\/h5>\n<p>Retrouvez tous les produits de notre assortiement dans notre catalogue PDF.<\/p>\n<p>\t<a href=\"\" target=\"_self\" role=\"button\"><br \/>\n\t\t\t\t\tT\u00e9l\u00e9charger le catalogue<br \/>\n\t<\/a><br \/>\n\t\t\t\t<img loading=\"lazy\" src=\"http:\/\/www.nickal.ch\/wp-content\/uploads\/2018\/11\/art-3020-1.jpg\" alt=\"art-3020-1\" itemprop=\"image\" height=\"169\" width=\"186\" title=\"art-3020-1\"  \/><br \/>\n\t\t\t\t<img loading=\"lazy\" src=\"http:\/\/www.nickal.ch\/wp-content\/uploads\/2018\/11\/art-3020-3.jpg\" alt=\"art-3020-3\" itemprop=\"image\" height=\"223\" width=\"174\" title=\"art-3020-3\"  \/><br \/>\n\t\t\t\t<img loading=\"lazy\" src=\"http:\/\/www.nickal.ch\/wp-content\/uploads\/2018\/11\/art-3020-2.jpg\" alt=\"art-3020-2\" itemprop=\"image\" height=\"167\" width=\"229\" title=\"art-3020-2\"  \/><br \/>\n\t\t\t\t<img loading=\"lazy\" src=\"http:\/\/www.nickal.ch\/wp-content\/uploads\/2018\/11\/art-3020-4.jpg\" alt=\"art-3020-4\" itemprop=\"image\" height=\"210\" width=\"213\" title=\"art-3020-4\"  \/><\/p>\n<p>Art. 0774<\/p>\n<h2>Rosace pour montage garniture de porte en Inox<\/h2>\n<p>Olive de meuble<br \/>\n<!--\n\n\n<ul id=\"checke\">\n\n\n<li>\u00a0Norme suisse<\/li>\n\n\n\n\n<li>\u00a0Avec perforation pour serrure \u00e0 garnitures<\/li>\n\n\n\n\n<li>\u00a0Garniture longue, poign\u00e9e en onglet (CL)<\/li>\n\n\n\n\n<li>\u00a0Pour portes d\u2019une \u00e9paisseur de 35 \u00e0 45 mm<\/li>\n\n\n<\/ul>\n\n\n--><\/p>\n<p>\t\t\t\t<img loading=\"lazy\" src=\"http:\/\/www.nickal.ch\/wp-content\/uploads\/2018\/11\/art-3020-1.jpg\" alt=\"art-3020-1\" itemprop=\"image\" height=\"169\" width=\"186\" title=\"art-3020-1\"  \/><br \/>\n\t\t\t\t<img loading=\"lazy\" src=\"http:\/\/www.nickal.ch\/wp-content\/uploads\/2018\/11\/art-3020-3.jpg\" alt=\"art-3020-3\" itemprop=\"image\" height=\"223\" width=\"174\" title=\"art-3020-3\"  \/><br \/>\n\t\t\t\t<img loading=\"lazy\" src=\"http:\/\/www.nickal.ch\/wp-content\/uploads\/2018\/11\/art-3020-2.jpg\" alt=\"art-3020-2\" itemprop=\"image\" height=\"167\" width=\"229\" title=\"art-3020-2\"  \/><br \/>\n\t\t\t\t<img loading=\"lazy\" src=\"http:\/\/www.nickal.ch\/wp-content\/uploads\/2018\/11\/art-3020-4.jpg\" alt=\"art-3020-4\" itemprop=\"image\" height=\"210\" width=\"213\" title=\"art-3020-4\"  \/><\/p>\n<h3>D\u00e9tails <strong>du produit<\/strong><\/h3>\n<p>\t\t\tDescription du produit<\/p>\n<p>Les rosaces en inox pour montage sur garniture de porte sont disponibles en version ovale ou rectangulaire. En inox bross\u00e9, avec ressort de rappel, les rosaces sont compatibles avec des garnitures type B (B\/SCI et B9\/SCI).<\/p>\n<p>\t\t\tSp\u00e9cification du produit<\/p>\n<p>Les rosaces en inox sont garanties anti-feu.<\/p>\n<div id=\"tablepress-5-scroll-wrapper\" class=\"tablepress-scroll-wrapper\">\n\n<table id=\"tablepress-5\" class=\"tablepress tablepress-id-5 tablepress-responsive\">\n<thead>\n<tr class=\"row-1 odd\">\n\t<th class=\"column-1\">R\u00e9f. Article<br \/>\nArtikel-Nr.<\/th><th class=\"column-2\">Unit\u00e9<br \/>\nEinheit<\/th><th class=\"column-3\">Carr\u00e9<br \/>\nStift<\/th><th class=\"column-4\">Traitement<br \/>\nAusf\u00fchrung<\/th><th class=\"column-5\"><img src=\"http:\/\/www.nickal.ch\/wp-content\/uploads\/2018\/11\/box.jpg\" alt=\"\" width=\"71\" height=\"63\" class=\"alignleft size-full wp-image-16929\" \/><\/th>\n<\/tr>\n<\/thead>\n<tbody class=\"row-hover\">\n<tr class=\"row-2 even\">\n\t<td class=\"column-1\"><strong>0774.10<\/strong><\/td><td class=\"column-2\">PI\/ST<\/td><td class=\"column-3\">7x34 mm<\/td><td class=\"column-4\">chrom\u00e9 poli*<br \/>\nverchromt poliert *<\/td><td class=\"column-5\">10<\/td>\n<\/tr>\n<tr class=\"row-3 odd\">\n\t<td class=\"column-1\"><strong>0774.11<\/strong><\/td><td class=\"column-2\">PI\/ST<\/td><td class=\"column-3\">7x34 mm<\/td><td class=\"column-4\">sabl\u00e9 chrom\u00e9 mat*<br \/>\ngestrahlt matt verchromt *<\/td><td class=\"column-5\">10<\/td>\n<\/tr>\n<tr class=\"row-4 even\">\n\t<td class=\"column-1\"><strong>0774.20<\/strong><\/td><td class=\"column-2\">PI\/ST<\/td><td class=\"column-3\">7x34 mm<\/td><td class=\"column-4\">bross\u00e9 nickel\u00e9 mat<br \/>\ngeb\u00fcrstet matt vernickelt<\/td><td class=\"column-5\">10<\/td>\n<\/tr>\n<tr class=\"row-5 odd\">\n\t<td class=\"column-1\"><strong>0774.21<\/strong><\/td><td class=\"column-2\">PI\/ST<\/td><td class=\"column-3\">7x34 mm<\/td><td class=\"column-4\">sabl\u00e9 nickel\u00e9 mat<br \/>\ngestrahlt matt vernickelt<\/td><td class=\"column-5\">10<\/td>\n<\/tr>\n<tr class=\"row-6 even\">\n\t<td class=\"column-1\"><strong>0774.40<\/strong><\/td><td class=\"column-2\">PI\/ST<\/td><td class=\"column-3\">7x34 mm<\/td><td class=\"column-4\">dor\u00e9 poli*<br \/>\nvergoldet poliert *<\/td><td class=\"column-5\">10<\/td>\n<\/tr>\n<tr class=\"row-7 odd\">\n\t<td class=\"column-1\"><strong>0774.51<\/strong><\/td><td class=\"column-2\">PI\/ST<\/td><td class=\"column-3\">7x34 mm<\/td><td class=\"column-4\">Blanc, RAL 9010<br \/>\nWeiss, RAL 9010<\/td><td class=\"column-5\">10<\/td>\n<\/tr>\n<\/tbody>\n<\/table>\n\n<\/div><!-- #tablepress-5 from cache -->\n<p><img loading=\"lazy\" src=\"\/wp-content\/uploads\/2018\/11\/box.jpg\" alt=\"\" width=\"71\" height=\"63\" \/> <strong>Attention !<br \/>\nEmballage ouvert = prix 2<\/strong><\/p>\n<p><img loading=\"lazy\" src=\"http:\/\/www.nickal.ch\/wp-content\/uploads\/2018\/11\/info.jpg\" alt=\"\" width=\"71\" height=\"71\" \/><strong>Ex\u00e9cutions 10, 11 et 40 livrables jusqu&#8217;\u00e0 \u00e9puisement du stock ! Nouvelle production : minimum 200 pi\u00e8ces<\/strong><\/p>\n<div class=\"fl-builder-content fl-builder-content-17567 fl-builder-template fl-builder-row-template fl-builder-global-templates-locked\" data-post-id=\"17567\"><div class=\"fl-row fl-row-full-width fl-row-bg-color fl-node-5bcf25173d381\" data-node=\"5bcf25173d381\">\n\t<div class=\"fl-row-content-wrap\">\n\t\t\t\t\t\t<div class=\"fl-row-content fl-row-fixed-width fl-node-content\">\n\t\t\n<div class=\"fl-col-group fl-node-5bcf25173d0b6 fl-col-group-custom-width\" data-node=\"5bcf25173d0b6\">\n\t\t\t<div class=\"fl-col fl-node-5bcf25173d127 fl-col-small\" data-node=\"5bcf25173d127\">\n\t<div class=\"fl-col-content fl-node-content\">\n\t<div class=\"fl-module fl-module-rich-text fl-node-5bcf25173d2de\" data-node=\"5bcf25173d2de\">\n\t<div class=\"fl-module-content fl-node-content\">\n\t\t<div class=\"fl-rich-text\">\n\t<h2>Ein Vebrauch ?<br \/>\n<strong class=\"r\">Eine Frage ?<\/h2>\n<\/div>\n\t<\/div>\n<\/div>\n<div class=\"fl-module fl-module-rich-text fl-node-5bcf25173d314 nocut\" data-node=\"5bcf25173d314\">\n\t<div class=\"fl-module-content fl-node-content\">\n\t\t<div class=\"fl-rich-text\">\n\t<p>Kontaktieren Sie unser Team und vereinbaren Sie einen Termin jetzt f\u00fcr einen personalisierte Besprechung mit einem unserer Berater.<\/p>\n<\/div>\n\t<\/div>\n<\/div>\n<div class=\"fl-module fl-module-rich-text fl-node-5bcf25173d34b\" data-node=\"5bcf25173d34b\">\n\t<div class=\"fl-module-content fl-node-content\">\n\t\t<div class=\"fl-rich-text\">\n\t<p><a id=\"tel_question_de\" class=\"vamtam-button accent6 hover-accent1 button-solid icon-animation-disable\" role=\"button\" href=\"tel:+41244260122\" target=\"_blank\" rel=\"noopener\"><span class=\"vamtam-button-text\"><i class=\"vamtam-button-icon vamtam-button-icon-before fa far fa-phone\"><\/i>+41 24 426 01 22<\/span> <\/a> <a  id=\"tel_contact_de\"  class=\"vamtam-button accent1 hover-accent6 button-solid icon-animation-disable\" role=\"button\" href=\"#contact\" target=\"_self\"><span class=\"vamtam-button-text\"><i class=\"vamtam-button-icon vamtam-button-icon-before far fa-envelope\"><\/i>Kontakt<\/span><\/a><\/p>\n<\/div>\n\t<\/div>\n<\/div>\n\t<\/div>\n<\/div>\n\t\t\t<div class=\"fl-col fl-node-5bcf25173d0f0 fl-col-small fl-col-has-cols\" data-node=\"5bcf25173d0f0\">\n\t<div class=\"fl-col-content fl-node-content\">\n\t\n<div class=\"fl-col-group fl-node-5bcf25173d192 fl-col-group-nested fl-col-group-custom-width\" data-node=\"5bcf25173d192\">\n\t\t\t<div class=\"fl-col fl-node-5bcf25173d270\" data-node=\"5bcf25173d270\">\n\t<div class=\"fl-col-content fl-node-content\">\n\t<div class=\"fl-module fl-module-rich-text fl-node-5bcf25173d2a8\" data-node=\"5bcf25173d2a8\">\n\t<div class=\"fl-module-content fl-node-content\">\n\t\t<div class=\"fl-rich-text\">\n\t<h3>Bleiben Sie informiert !<\/h3>\n<\/div>\n\t<\/div>\n<\/div>\n\t<\/div>\n<\/div>\n\t<\/div>\n\n<div class=\"fl-col-group fl-node-5bcf25173d15d fl-col-group-nested\" data-node=\"5bcf25173d15d\">\n\t\t\t<div class=\"fl-col fl-node-5bcf25173d1ca\" data-node=\"5bcf25173d1ca\">\n\t<div class=\"fl-col-content fl-node-content\">\n\t<div class=\"fl-module fl-module-rich-text fl-node-5bcf25173d201\" data-node=\"5bcf25173d201\">\n\t<div class=\"fl-module-content fl-node-content\">\n\t\t<div class=\"fl-rich-text\">\n\t<p>Abonnieren Sie unseren Newsletter und bleiben Sie auf<br \/>\ndem Laufenden.<\/p>\n<\/div>\n\t<\/div>\n<\/div>\n<div class=\"fl-module fl-module-rich-text fl-node-5bcf25173d238\" data-node=\"5bcf25173d238\">\n\t<div class=\"fl-module-content fl-node-content\">\n\t\t<div class=\"fl-rich-text\">\n\t<p><div role=\"form\" class=\"wpcf7\" id=\"wpcf7-f17544-o1\" lang=\"fr-FR\" dir=\"ltr\">\n<div class=\"screen-reader-response\"><p role=\"status\" aria-live=\"polite\" aria-atomic=\"true\"><\/p> <ul><\/ul><\/div>\n<form action=\"\/de\/wp-json\/wp\/v2\/pages\/17368#wpcf7-f17544-o1\" method=\"post\" class=\"wpcf7-form init\" novalidate=\"novalidate\" data-status=\"init\">\n<div style=\"display: none;\">\n<input type=\"hidden\" name=\"_wpcf7\" value=\"17544\" \/>\n<input type=\"hidden\" name=\"_wpcf7_version\" value=\"5.4.2\" \/>\n<input type=\"hidden\" name=\"_wpcf7_locale\" value=\"fr_FR\" \/>\n<input type=\"hidden\" name=\"_wpcf7_unit_tag\" value=\"wpcf7-f17544-o1\" \/>\n<input type=\"hidden\" name=\"_wpcf7_container_post\" value=\"0\" \/>\n<input type=\"hidden\" name=\"_wpcf7_posted_data_hash\" value=\"\" \/>\n<input type=\"hidden\" name=\"_wpcf7_recaptcha_response\" value=\"\" \/>\n<\/div>\n<p><a id=\"newsletter\"><\/a><\/p>\n<div id=\"formulaire-responsive\" class=\"clearfix\">\n<div class=\"rang-form\">\n<div class=\"demi-colonne\"><span class=\"wpcf7-form-control-wrap radio-552\"><span class=\"wpcf7-form-control wpcf7-radio option-input radio\"><span class=\"wpcf7-list-item first last\"><input type=\"radio\" name=\"radio-552\" value=\"Professional\" checked=\"checked\" \/><span class=\"wpcf7-list-item-label\">Professional<\/span><\/span><\/span><\/span><\/div>\n<div class=\"demi-colonne\"><\/div>\n<\/div>\n<div class=\"rang-form clearfix\">\n<div class=\"demi-colonne\"><span class=\"wpcf7-form-control-wrap first-name\"><input type=\"text\" name=\"first-name\" value=\"\" size=\"40\" class=\"wpcf7-form-control wpcf7-text wpcf7-validates-as-required\" aria-required=\"true\" aria-invalid=\"false\" placeholder=\"Ihr Name\" \/><\/span><\/div>\n<div class=\"demi-colonne\"><span class=\"wpcf7-form-control-wrap your-email\"><input type=\"email\" name=\"your-email\" value=\"\" size=\"40\" class=\"wpcf7-form-control wpcf7-text wpcf7-email wpcf7-validates-as-required wpcf7-validates-as-email\" aria-required=\"true\" aria-invalid=\"false\" placeholder=\"Ihr Mail\" \/><\/span><\/div>\n<\/div>\n<div class=\"rang-form\">\n<div class=\"colonne\">\n<span class=\"wpcf7-form-control-wrap newsletter\"><span class=\"wpcf7-form-control wpcf7-acceptance\"><span class=\"wpcf7-list-item\"><label><input type=\"checkbox\" name=\"newsletter\" value=\"1\" aria-invalid=\"false\" \/><span class=\"wpcf7-list-item-label\">Ich erm\u00e4chtige die Firma Nickal, mir aktuelle Neuigkeiten und Angebote zukommen zu lassen. <a href=\"\/nlpd\" title=\"nlpd\">Mehr erfahren<\/a><\/span><\/label><\/span><\/span><\/span><br \/>\n<input type=\"submit\" value=\"Newsletter abonnieren\" class=\"wpcf7-form-control wpcf7-submit\" \/><\/div>\n<\/div>\n<\/div>\n<input type='hidden' class='wpcf7-pum' value='{\"closepopup\":false,\"closedelay\":0,\"openpopup\":false,\"openpopup_id\":0}' \/><div class=\"wpcf7-response-output\" aria-hidden=\"true\"><\/div><\/form><\/div><\/p>\n<\/div>\n\t<\/div>\n<\/div>\n\t<\/div>\n<\/div>\n\t<\/div>\n\t<\/div>\n<\/div>\n\t<\/div>\n\t\t<\/div>\n\t<\/div>\n<\/div>\n<\/div>\n","protected":false},"excerpt":{"rendered":"<p>Rosaces rondes \u00e0 visser Notre Catalogue Retrouvez tous les produits de notre assortiement dans notre catalogue PDF. T\u00e9l\u00e9charger le catalogue Art. 0774 Rosace pour montage garniture de porte en Inox Olive de meuble D\u00e9tails du produit Description du produit Les&#8230;<\/p>\n","protected":false},"author":1,"featured_media":0,"parent":0,"menu_order":0,"comment_status":"closed","ping_status":"closed","template":"","meta":[],"jetpack_sharing_enabled":true,"_links":{"self":[{"href":"https:\/\/www.nickal.ch\/de\/wp-json\/wp\/v2\/pages\/17368"}],"collection":[{"href":"https:\/\/www.nickal.ch\/de\/wp-json\/wp\/v2\/pages"}],"about":[{"href":"https:\/\/www.nickal.ch\/de\/wp-json\/wp\/v2\/types\/page"}],"author":[{"embeddable":true,"href":"https:\/\/www.nickal.ch\/de\/wp-json\/wp\/v2\/users\/1"}],"replies":[{"embeddable":true,"href":"https:\/\/www.nickal.ch\/de\/wp-json\/wp\/v2\/comments?post=17368"}],"version-history":[{"count":0,"href":"https:\/\/www.nickal.ch\/de\/wp-json\/wp\/v2\/pages\/17368\/revisions"}],"wp:attachment":[{"href":"https:\/\/www.nickal.ch\/de\/wp-json\/wp\/v2\/media?parent=17368"}],"curies":[{"name":"wp","href":"https:\/\/api.w.org\/{rel}","templated":true}]}}